{"id":15078,"date":"2018-10-12T13:43:37","date_gmt":"2018-10-12T16:43:37","guid":{"rendered":"https:\/\/www.oia.com.ar\/?page_id=15078"},"modified":"2018-11-13T18:46:13","modified_gmt":"2018-11-13T21:46:13","slug":"recursos-humanos","status":"publish","type":"page","link":"https:\/\/www.oia.com.ar\/index.php\/empresa\/recursos-humanos\/","title":{"rendered":"Recursos Humanos"},"content":{"rendered":"<p>[vc_row css_animation=&#8221;&#8221; row_type=&#8221;row&#8221; use_row_as_full_screen_section=&#8221;no&#8221; type=&#8221;grid&#8221; angled_section=&#8221;no&#8221; text_align=&#8221;left&#8221; background_image_as_pattern=&#8221;without_pattern&#8221; padding_top=&#8221;20&#8243; padding_bottom=&#8221;100&#8243; z_index=&#8221;&#8221;][vc_column width=&#8221;2\/3&#8243;][vc_column_text]<\/p>\n<h1>OIA es una empresa de servicios, por lo que su mayor activo es el capital humano.<\/h1>\n<p>[\/vc_column_text][vc_separator type=&#8221;small&#8221; position=&#8221;left&#8221; up=&#8221;20&#8243; down=&#8221;20&#8243;][vc_column_text]<\/p>\n<h4>El personal que integra su equipo ha sido seleccionado de acuerdo a valores y objetivos. Con capacitaci\u00f3n constante, se eval\u00faa, motiva y estimula su desempe\u00f1o, buscando que sean parte del crecimiento de la compa\u00f1\u00eda.<\/h4>\n<p>[\/vc_column_text][vc_column_text]Como consecuencia, la baja rotaci\u00f3n del personal diferencia a la empresa, logrando equipos consolidados y colaborativos y la posibilidad de que el cliente trabaje con quien lo conoce y est\u00e1 a gusto.<\/p>\n<p>Los equipos est\u00e1n formados por profesionales orientados al sector agropecuario y de la industria alimentaria con preferencia de ingenieros agr\u00f3nomos, m\u00e9dicos veterinarios e ingenieros\/licenciados en alimentos, entre otros.<\/p>\n<p>Si dese\u00e1s formar parte del equipo, te sent\u00eds identificado con los valores y quer\u00e9s desarrollarte profesionalmente en las distintas \u00e1reas de la empresa te invitamos a enviar tu C.V. a <a href=\"mailto:rrhh@oia.com.ar?subject=Oia%20-%20Recursos%20Humanos\">rrhh@oia.com.ar<\/a>[\/vc_column_text][vc_separator type=&#8221;transparent&#8221; up=&#8221;31&#8243; down=&#8221;19&#8243;][\/vc_column][vc_column width=&#8221;1\/3&#8243;][\/vc_column][\/vc_row]<\/p>\n","protected":false},"excerpt":{"rendered":"<p>[vc_row css_animation=&#8221;&#8221; row_type=&#8221;row&#8221; use_row_as_full_screen_section=&#8221;no&#8221; type=&#8221;grid&#8221; angled_section=&#8221;no&#8221; text_align=&#8221;left&#8221; background_image_as_pattern=&#8221;without_pattern&#8221; padding_top=&#8221;20&#8243; padding_bottom=&#8221;100&#8243; z_index=&#8221;&#8221;][vc_column width=&#8221;2\/3&#8243;][vc_column_text] OIA es una empresa de servicios, por lo que su mayor activo es el capital humano. [\/vc_column_text][vc_separator type=&#8221;small&#8221;&#8230;<\/p>\n","protected":false},"author":1,"featured_media":0,"parent":15330,"menu_order":0,"comment_status":"open","ping_status":"closed","template":"","meta":{"footnotes":""},"class_list":["post-15078","page","type-page","status-publish","hentry"],"_links":{"self":[{"href":"https:\/\/www.oia.com.ar\/index.php\/wp-json\/wp\/v2\/pages\/15078","targetHints":{"allow":["GET"]}}],"collection":[{"href":"https:\/\/www.oia.com.ar\/index.php\/wp-json\/wp\/v2\/pages"}],"about":[{"href":"https:\/\/www.oia.com.ar\/index.php\/wp-json\/wp\/v2\/types\/page"}],"author":[{"embeddable":true,"href":"https:\/\/www.oia.com.ar\/index.php\/wp-json\/wp\/v2\/users\/1"}],"replies":[{"embeddable":true,"href":"https:\/\/www.oia.com.ar\/index.php\/wp-json\/wp\/v2\/comments?post=15078"}],"version-history":[{"count":0,"href":"https:\/\/www.oia.com.ar\/index.php\/wp-json\/wp\/v2\/pages\/15078\/revisions"}],"up":[{"embeddable":true,"href":"https:\/\/www.oia.com.ar\/index.php\/wp-json\/wp\/v2\/pages\/15330"}],"wp:attachment":[{"href":"https:\/\/www.oia.com.ar\/index.php\/wp-json\/wp\/v2\/media?parent=15078"}],"curies":[{"name":"wp","href":"https:\/\/api.w.org\/{rel}","templated":true}]}}