{"id":15321,"date":"2018-10-19T17:48:20","date_gmt":"2018-10-19T20:48:20","guid":{"rendered":"https:\/\/www.oia.com.ar\/?page_id=15321"},"modified":"2018-11-08T19:35:51","modified_gmt":"2018-11-08T22:35:51","slug":"evaluacion-de-proveedores","status":"publish","type":"page","link":"https:\/\/www.oia.com.ar\/otros-servicios\/evaluacion-de-proveedores\/","title":{"rendered":"Evaluaci\u00f3n de Proveedores"},"content":{"rendered":"<p>[vc_row css_animation=&#8221;&#8221; row_type=&#8221;row&#8221; use_row_as_full_screen_section=&#8221;no&#8221; type=&#8221;grid&#8221; angled_section=&#8221;no&#8221; text_align=&#8221;left&#8221; background_image_as_pattern=&#8221;without_pattern&#8221; row_negative_margin=&#8221;disable_negative_margin&#8221; padding_top=&#8221;20&#8243; padding_bottom=&#8221;100&#8243; z_index=&#8221;&#8221;][vc_column width=&#8221;2\/3&#8243;][vc_column_text]<\/p>\n<h1>OIA pone a su disposici\u00f3n la posibilidad de realizar pre-evaluaciones o diagn\u00f3sticos de proveedores entregando los resultados a trav\u00e9s de un informe.<\/h1>\n<p>[\/vc_column_text][vc_separator type=&#8221;small&#8221; position=&#8221;left&#8221; up=&#8221;20&#8243; down=&#8221;20&#8243;][vc_column_text]<\/p>\n<div class=\"cuerpo\">\n<p>Los principales objetivos de este sistema son:<\/p>\n<ul>\n<li>Retroalimentar al proceso de aprovisionamiento.<\/li>\n<li>Permitir la identificaci\u00f3n de brechas en la gesti\u00f3n de los proveedores.<\/li>\n<li>Establecer criterios de desempe\u00f1o diferenciados para proveedores.<\/li>\n<li>Cumplir con las exigencias de Normas de Gesti\u00f3n de Calidad en lo que respecta a la evaluaci\u00f3n de proveedores.<\/li>\n<\/ul>\n<\/div>\n<p>[\/vc_column_text][vc_separator type=&#8221;transparent&#8221; up=&#8221;31&#8243; down=&#8221;19&#8243;][\/vc_column][vc_column width=&#8221;1\/3&#8243;][\/vc_column][\/vc_row]<\/p>\n","protected":false},"excerpt":{"rendered":"<p>[vc_row css_animation=&#8221;&#8221; row_type=&#8221;row&#8221; use_row_as_full_screen_section=&#8221;no&#8221; type=&#8221;grid&#8221; angled_section=&#8221;no&#8221; text_align=&#8221;left&#8221; background_image_as_pattern=&#8221;without_pattern&#8221; row_negative_margin=&#8221;disable_negative_margin&#8221; padding_top=&#8221;20&#8243; padding_bottom=&#8221;100&#8243; z_index=&#8221;&#8221;][vc_column width=&#8221;2\/3&#8243;][vc_column_text] OIA pone a su disposici\u00f3n la posibilidad de realizar pre-evaluaciones o diagn\u00f3sticos de proveedores entregando los resultados&#8230;<\/p>\n","protected":false},"author":1,"featured_media":0,"parent":15332,"menu_order":0,"comment_status":"open","ping_status":"closed","template":"","meta":{"footnotes":""},"class_list":["post-15321","page","type-page","status-publish","hentry"],"_links":{"self":[{"href":"https:\/\/www.oia.com.ar\/wp-json\/wp\/v2\/pages\/15321","targetHints":{"allow":["GET"]}}],"collection":[{"href":"https:\/\/www.oia.com.ar\/wp-json\/wp\/v2\/pages"}],"about":[{"href":"https:\/\/www.oia.com.ar\/wp-json\/wp\/v2\/types\/page"}],"author":[{"embeddable":true,"href":"https:\/\/www.oia.com.ar\/wp-json\/wp\/v2\/users\/1"}],"replies":[{"embeddable":true,"href":"https:\/\/www.oia.com.ar\/wp-json\/wp\/v2\/comments?post=15321"}],"version-history":[{"count":0,"href":"https:\/\/www.oia.com.ar\/wp-json\/wp\/v2\/pages\/15321\/revisions"}],"up":[{"embeddable":true,"href":"https:\/\/www.oia.com.ar\/wp-json\/wp\/v2\/pages\/15332"}],"wp:attachment":[{"href":"https:\/\/www.oia.com.ar\/wp-json\/wp\/v2\/media?parent=15321"}],"curies":[{"name":"wp","href":"https:\/\/api.w.org\/{rel}","templated":true}]}}