{"id":15324,"date":"2018-10-19T17:52:31","date_gmt":"2018-10-19T20:52:31","guid":{"rendered":"https:\/\/www.oia.com.ar\/?page_id=15324"},"modified":"2019-06-19T17:15:28","modified_gmt":"2019-06-19T20:15:28","slug":"inspeccion-y-auditoria","status":"publish","type":"page","link":"https:\/\/www.oia.com.ar\/otros-servicios\/inspeccion-y-auditoria\/","title":{"rendered":"Inspecci\u00f3n y Auditor\u00eda"},"content":{"rendered":"<p>[vc_row css_animation=&#8221;&#8221; row_type=&#8221;row&#8221; use_row_as_full_screen_section=&#8221;no&#8221; type=&#8221;grid&#8221; angled_section=&#8221;no&#8221; text_align=&#8221;left&#8221; background_image_as_pattern=&#8221;without_pattern&#8221; row_negative_margin=&#8221;disable_negative_margin&#8221; padding_top=&#8221;20&#8243; padding_bottom=&#8221;100&#8243; z_index=&#8221;&#8221;][vc_column width=&#8221;2\/3&#8243;][vc_column_text]<\/p>\n<h1>Las inspecciones y auditor\u00edas son una poderosa herramienta para que las empresas\/instituciones puedan evaluar su desempe\u00f1o, fortalezas y debilidades, y mejorar su gesti\u00f3n.<\/h1>\n<p>[\/vc_column_text][vc_separator type=&#8221;small&#8221; position=&#8221;left&#8221; up=&#8221;20&#8243; down=&#8221;20&#8243;][vc_column_text]<\/p>\n<div class=\"cuerpo\">\n<p>Se ofrece este servicio para aquellos clientes que necesiten cumplir con requisitos para demostrar condiciones o caracter\u00edsticas de trabajo o producci\u00f3n. OIA entrega un informe con el resultado de la auditor\u00eda o inspecci\u00f3n.<\/p>\n<p>Dentro de este servicio se ofrece la realizaci\u00f3n de una pre-auditor\u00eda para aquellos clientes que deseen evaluar su estado de cumplimiento frente a una normativa p\u00fablica o privada.<\/p>\n<p>OIA cumple con la norma internacional ISO 19011: &#8216;Directrices para la auditor\u00eda de los sistemas de gesti\u00f3n de la calidad para realizar la planificaci\u00f3n, desarrollo e informe de las inspecciones o auditor\u00edas&#8217; y cumple con ISO 17020: &#8216;Criterios Generales para el Funcionamiento de Diferentes Tipos de Organismos de Inspecci\u00f3n.&#8217;<\/p>\n<\/div>\n<p>[\/vc_column_text][vc_separator type=&#8221;transparent&#8221; up=&#8221;31&#8243; down=&#8221;19&#8243;][\/vc_column][vc_column width=&#8221;1\/3&#8243;][\/vc_column][\/vc_row]<\/p>\n","protected":false},"excerpt":{"rendered":"<p>[vc_row css_animation=&#8221;&#8221; row_type=&#8221;row&#8221; use_row_as_full_screen_section=&#8221;no&#8221; type=&#8221;grid&#8221; angled_section=&#8221;no&#8221; text_align=&#8221;left&#8221; background_image_as_pattern=&#8221;without_pattern&#8221; row_negative_margin=&#8221;disable_negative_margin&#8221; padding_top=&#8221;20&#8243; padding_bottom=&#8221;100&#8243; z_index=&#8221;&#8221;][vc_column width=&#8221;2\/3&#8243;][vc_column_text] Las inspecciones y auditor\u00edas son una poderosa herramienta para que las empresas\/instituciones puedan evaluar su desempe\u00f1o, fortalezas&#8230;<\/p>\n","protected":false},"author":1,"featured_media":0,"parent":15332,"menu_order":0,"comment_status":"open","ping_status":"closed","template":"","meta":{"footnotes":""},"class_list":["post-15324","page","type-page","status-publish","hentry"],"_links":{"self":[{"href":"https:\/\/www.oia.com.ar\/wp-json\/wp\/v2\/pages\/15324","targetHints":{"allow":["GET"]}}],"collection":[{"href":"https:\/\/www.oia.com.ar\/wp-json\/wp\/v2\/pages"}],"about":[{"href":"https:\/\/www.oia.com.ar\/wp-json\/wp\/v2\/types\/page"}],"author":[{"embeddable":true,"href":"https:\/\/www.oia.com.ar\/wp-json\/wp\/v2\/users\/1"}],"replies":[{"embeddable":true,"href":"https:\/\/www.oia.com.ar\/wp-json\/wp\/v2\/comments?post=15324"}],"version-history":[{"count":0,"href":"https:\/\/www.oia.com.ar\/wp-json\/wp\/v2\/pages\/15324\/revisions"}],"up":[{"embeddable":true,"href":"https:\/\/www.oia.com.ar\/wp-json\/wp\/v2\/pages\/15332"}],"wp:attachment":[{"href":"https:\/\/www.oia.com.ar\/wp-json\/wp\/v2\/media?parent=15324"}],"curies":[{"name":"wp","href":"https:\/\/api.w.org\/{rel}","templated":true}]}}