{"id":15650,"date":"2019-06-18T16:33:00","date_gmt":"2019-06-18T19:33:00","guid":{"rendered":"https:\/\/www.oia.com.ar\/?page_id=15650"},"modified":"2020-05-14T09:16:06","modified_gmt":"2020-05-14T12:16:06","slug":"atributos-de-calidad","status":"publish","type":"page","link":"https:\/\/www.oia.com.ar\/index.php\/certificaciones\/programas-de-certificacion\/atributos-de-calidad\/","title":{"rendered":"Atributos de Calidad"},"content":{"rendered":"<p>[vc_row row_type=&#8221;content_menu&#8221; css=&#8221;.vc_custom_1541715947801{margin-top: 0px !important;padding-top: 0px !important;}&#8221; el_id=&#8221;menu&#8221;][vc_column width=&#8221;2\/3&#8243;][\/vc_column][vc_column width=&#8221;1\/3&#8243;][\/vc_column][\/vc_row][vc_row css_animation=&#8221;&#8221; row_type=&#8221;row&#8221; use_row_as_full_screen_section=&#8221;no&#8221; type=&#8221;grid&#8221; header_style=&#8221;light&#8221; in_content_menu=&#8221;in_content_menu&#8221; content_menu_icon=&#8221;&#8221; angled_section=&#8221;no&#8221; text_align=&#8221;left&#8221; background_image_as_pattern=&#8221;without_pattern&#8221; row_negative_margin=&#8221;disable_negative_margin&#8221; anchor=&#8221;caracteristicas&#8221; content_menu_title=&#8221;Caracter\u00edsticas&#8221; z_index=&#8221;&#8221;][vc_column width=&#8221;2\/3&#8243;][vc_column_text]<\/p>\n<h1>Caracter\u00edsticas<\/h1>\n<p>[\/vc_column_text][vc_separator type=&#8221;small&#8221; position=&#8221;left&#8221; up=&#8221;7&#8243; down=&#8221;38&#8243;][vc_column_text]<\/p>\n<h5>Frente a la creciente demanda nacional e internacional de productos con calidad certificada, el Programa de Certificaci\u00f3n Atributos de Calidad en Alimentos es una poderosa herramienta de diferenciaci\u00f3n para los productos agroalimentarios y act\u00faa como una garant\u00eda fundamental de la calidad exigida por los mercados.<\/h5>\n<p>OIA es la primer certificadora habilitada por el SENASA (Servicio Nacional de Sanidad y Calidad Agroalimentaria) para el Programa Nacional de Certificaci\u00f3n de Calidad en Alimentos, de adhesi\u00f3n voluntaria y que puede ser aplicado para todo tipo de alimento comercializado en Argentina y\/o en cualquier parte del mundo.<\/p>\n<p>Dentro del Programa de Certificaci\u00f3n Atributos de Calidad en Alimentos, OIA ofrece dos modalidades de certificaci\u00f3n:<\/p>\n<ol>\n<li>Resoluci\u00f3n 280 SENASA (exclusivo para Argentina)<\/li>\n<li>Protocolo Privado<\/li>\n<\/ol>\n<p>Una vez certificado, el operador podr\u00e1 mencionar los atributos de calidad en la etiqueta del producto, especialmente aquel que posea caracter\u00edsticas diferenciales como rasgo distintivo de otros productos similares.<\/p>\n<h5 class=\"cuerpo\">\u00bfQu\u00e9 ventajas tiene?<\/h5>\n<p>Como beneficio, el productor y\/o elaborador certificado mejora su rentabilidad y eficiencia al ofrecer un producto diferencial con valor agregado obteniendo\u00a0un posicionamiento destacado en el mercado.<\/p>\n<p>Adem\u00e1s, tiene actualmente el beneficio de un 0,5% de reintegro en las exportaciones de ese producto con el atributo.<\/p>\n<h5>\u00bfQui\u00e9nes pueden obtener la certificaci\u00f3n?<\/h5>\n<p>El Programa es ideal para todo aquel productor y\/o elaborador que desee garantizar un atributo diferencial de calidad en sus productos. En el caso de la Resoluci\u00f3n 280 SENASA, la certificaci\u00f3n es exclusiva para operadores dentro de la Rep\u00fablica Argentina, sin embargo estos alimentos pueden ser comercializados en Argentina y\/o en cualquier parte del mundo. En el caso del Protocolo Privado, se siguen en l\u00edneas generales las mismas pautas, pero puede ser solicitado por cualquier operador nacional o internacional que posea un atributo diferencial.<\/p>\n<h5>\u00bfC\u00f3mo es el proceso de obtenci\u00f3n del sello de OIA Calidad Certificada de Atributos?<\/h5>\n<ol>\n<li>El proceso comienza cuando el productor, elaborador y\/o comercializador se re\u00fane con OIA para presentar su proyecto y verificar la existencia de un atributo de calidad a certificar. El proceso de certificaci\u00f3n de Calidad en Alimentos es similar tanto para la modalidad Resoluci\u00f3n 280 como para el Protocolo Privado, con la diferencia que en el caso Res. 280 interviene el SENASA en la aprobaci\u00f3n del atributo, siendo OIA la que lo audita y certifica.<\/li>\n<li>Ante la solicitud de certificaci\u00f3n y firma de contrato, se realiza el intercambio de documentaci\u00f3n e informaci\u00f3n requerida por el Programa.<\/li>\n<li>Luego de concretar la inspecci\u00f3n, se prepara un informe para ser revisado y analizado por el departamento T\u00e9cnico y la Direcci\u00f3n de OIA. El cliente SER\u00c1 certificado luego de un informe positivo con ausencia de no conformidades.<\/li>\n<li>Finalmente, a partir de otorgar la primera certificaci\u00f3n se establece un sistema de supervisi\u00f3n y evaluaci\u00f3n de la operaci\u00f3n para mantener la vigencia de la certificaci\u00f3n.<\/li>\n<\/ol>\n<p>[\/vc_column_text][vc_column_text]<\/p>\n<h5><\/h5>\n<h5>Conf\u00edan en nosotros, entre otros:<\/h5>\n<h5><img loading=\"lazy\" decoding=\"async\" class=\"alignnone size-medium wp-image-15663\" src=\"https:\/\/www.oia.com.ar\/wp-content\/uploads\/2019\/06\/atr_calidad-300x146.jpg\" alt=\"\" width=\"300\" height=\"146\" srcset=\"https:\/\/www.oia.com.ar\/wp-content\/uploads\/2019\/06\/atr_calidad-300x146.jpg 300w, https:\/\/www.oia.com.ar\/wp-content\/uploads\/2019\/06\/atr_calidad.jpg 592w\" sizes=\"auto, (max-width: 300px) 100vw, 300px\" \/><\/h5>\n<p>[\/vc_column_text][\/vc_column][vc_column width=&#8221;1\/3&#8243;][vc_column_text]<\/p>\n<h4>Acreditaciones<\/h4>\n<p>[vc_separator type=&#8217;normal&#8217; position=&#8217;left&#8217; color=&#8217;#149e19&#8242; thickness=&#8217;1&#8242; up=&#8217;10&#8217; down=&#8217;45&#8217;][\/vc_column_text][vc_row_inner row_type=&#8221;row&#8221; type=&#8221;full_width&#8221; text_align=&#8221;left&#8221; css_animation=&#8221;&#8221;][vc_column_inner width=&#8221;1\/2&#8243;][vc_single_image image=&#8221;15957&#8243; img_size=&#8221;full&#8221; qode_css_animation=&#8221;&#8221;][\/vc_column_inner][vc_column_inner width=&#8221;1\/2&#8243;][\/vc_column_inner][\/vc_row_inner][\/vc_column][\/vc_row][vc_row css_animation=&#8221;&#8221; row_type=&#8221;row&#8221; use_row_as_full_screen_section=&#8221;no&#8221; type=&#8221;grid&#8221; header_style=&#8221;light&#8221; in_content_menu=&#8221;in_content_menu&#8221; content_menu_icon=&#8221;&#8221; angled_section=&#8221;no&#8221; text_align=&#8221;left&#8221; background_image_as_pattern=&#8221;without_pattern&#8221; row_negative_margin=&#8221;disable_negative_margin&#8221; anchor=&#8221;faq&#8221; content_menu_title=&#8221;Preguntas frecuentes&#8221; z_index=&#8221;&#8221;][vc_column width=&#8221;2\/3&#8243;][vc_empty_space height=&#8221;100px&#8221;][vc_column_text]<\/p>\n<h1>Preguntas frecuentes<\/h1>\n<p>[\/vc_column_text][vc_separator type=&#8221;small&#8221; position=&#8221;left&#8221; up=&#8221;7&#8243; down=&#8221;38&#8243;][vc_accordion active_tab=&#8221;1&#8243; style=&#8221;accordion&#8221;][vc_accordion_tab title=&#8221;\u00bfQu\u00e9 es SENASA?&#8221; title_tag=&#8221;h5&#8243;][vc_column_text]<\/p>\n<article class=\"ui-accordion-content ui-helper-reset ui-widget-content ui-corner-bottom ui-accordion-content-active\" role=\"tabpanel\">El Servicio Nacional de Sanidad y Calidad Agroalimentaria (SENASA) es el organismo descentralizado de la Secretaria de Agroindustria, encargado de ejecutar las pol\u00edticas y fiscalizaci\u00f3n nacionales en materia de sanidad, calidad animal y vegetal.<\/article>\n<p>[\/vc_column_text][\/vc_accordion_tab][vc_accordion_tab title=&#8221;\u00bfCu\u00e1l es la relaci\u00f3n de OIA con Senasa?&#8221;][vc_column_text]OIA, como organismo de certificaci\u00f3n, es la primera certificadora habilitada por el Senasa para el Programa Nacional de Certificaci\u00f3n Atributos de Calidad en Alimentos, bajo la Resoluci\u00f3n Senasa N\u00b0 280\/2001 en el Registro Nacional de Entidades Certificadoras de Calidad en Alimentos bajo el N\u00b0 001. A su vez, OIA est\u00e1 habilitada por el Senasa para certificar productos org\u00e1nicos de origen vegetal y animal, identidad preservada \u2013 No OGM, entre otros.[\/vc_column_text][\/vc_accordion_tab][vc_accordion_tab title=&#8221;\u00bfPor qu\u00e9 certificar Atributos de Calidad en Alimentos con OIA?&#8221;][vc_column_text]Adem\u00e1s de ser la primera certificadora habilitada por el SENASA para el Programa Nacional de Certificaci\u00f3n Atributos de Calidad en Alimentos, OIA, junto a su equipo interdisciplinario de profesionales, brinda al operador un servicio calificado, confiable y transparente en todo el proceso de certificaci\u00f3n. OIA es una empresa l\u00edder y altamente reconocida en certificaci\u00f3n de productos agropecuarios, con m\u00e1s de 25 a\u00f1os de trayectoria. Cuenta con una amplia gama de Programas de Certificaci\u00f3n, respaldados en numerosas acreditaciones nacionales e internacionales. OIA interact\u00faa con los principales referentes del sector, y es miembro de diversas instituciones y asociaciones.[\/vc_column_text][\/vc_accordion_tab][vc_accordion_tab title=&#8221;\u00bfCu\u00e1l es la diferencia entre la Resoluci\u00f3n SENASA 280\/01 y un Protocolo Privado de Atributos de Calidad en Alimentos?&#8221;][vc_column_text]<\/p>\n<article class=\"ui-accordion-content ui-helper-reset ui-widget-content ui-corner-bottom ui-accordion-content-active\" role=\"tabpanel\">OIA ofrece certificaci\u00f3n de Atributos de Calidad en Alimentos bajo dos modalidades: Resoluci\u00f3n SENASA 280\/01 y Protocolo Privado.<strong>Resoluci\u00f3n SENASA 280\/01: <\/strong>El protocolo del atributo de calidad es oficial. El SENASA interviene en el proceso de certificaci\u00f3n a trav\u00e9s de la aprobaci\u00f3n del atributo. Esta certificaci\u00f3n es exclusiva para empresas de la Rep\u00fablica Argentina y puede ser aplicada para todo tipo de alimento comercializado en Argentina y\/o en cualquier parte del mundo. En este caso el protocolo es de car\u00e1cter p\u00fablico.<strong>Protocolo Privado:<\/strong>\u00a0El protocolo del atributo de calidad no es oficial. Esta certificaci\u00f3n puede ser solicitada por cualquier empresa agroalimentaria de Argentina y del mundo que desee resaltar una cualidad que diferencia a su producto. En este caso el protocolo no es de car\u00e1cter p\u00fablico.<\/article>\n<p>[\/vc_column_text][\/vc_accordion_tab][\/vc_accordion][\/vc_column][vc_column width=&#8221;1\/3&#8243;][\/vc_column][\/vc_row][vc_row css_animation=&#8221;&#8221; row_type=&#8221;row&#8221; use_row_as_full_screen_section=&#8221;no&#8221; type=&#8221;grid&#8221; header_style=&#8221;light&#8221; in_content_menu=&#8221;in_content_menu&#8221; content_menu_icon=&#8221;&#8221; angled_section=&#8221;no&#8221; text_align=&#8221;left&#8221; background_image_as_pattern=&#8221;without_pattern&#8221; row_negative_margin=&#8221;disable_negative_margin&#8221; anchor=&#8221;form_online&#8221; content_menu_title=&#8221;Consultas&#8221; z_index=&#8221;&#8221;][vc_column width=&#8221;2\/3&#8243;][vc_empty_space height=&#8221;100px&#8221;][vc_column_text]<\/p>\n<h1>Consultas<\/h1>\n<p>[\/vc_column_text][vc_separator type=&#8221;small&#8221; position=&#8221;left&#8221; up=&#8221;7&#8243; down=&#8221;38&#8243;]<div role=\"form\" class=\"wpcf7\" id=\"wpcf7-f5-o1\" lang=\"es-AR\" dir=\"ltr\">\n<div class=\"screen-reader-response\"><\/div>\n<form action=\"\/index.php\/wp-json\/wp\/v2\/pages\/15650#wpcf7-f5-o1\" method=\"post\" class=\"wpcf7-form default\" novalidate=\"novalidate\">\n<div style=\"display: none;\">\n<input type=\"hidden\" name=\"_wpcf7\" value=\"5\" \/>\n<input type=\"hidden\" name=\"_wpcf7_version\" value=\"5.1.7\" \/>\n<input type=\"hidden\" name=\"_wpcf7_locale\" value=\"es_AR\" \/>\n<input type=\"hidden\" name=\"_wpcf7_unit_tag\" value=\"wpcf7-f5-o1\" \/>\n<input type=\"hidden\" name=\"_wpcf7_container_post\" value=\"0\" \/>\n<input type=\"hidden\" name=\"g-recaptcha-response\" value=\"\" \/>\n<\/div>\n<p><label> Certificado de inter\u00e9s<br \/>\n<span class=\"wpcf7-form-control-wrap certificado\"><input type=\"text\" name=\"certificado\" value=\"Atributos de Calidad\" size=\"40\" class=\"wpcf7-form-control wpcf7dtx-dynamictext wpcf7-dynamictext\" readonly=\"readonly\" aria-invalid=\"false\" \/><\/span><br \/>\n<\/label><\/p>\n<p><label> Nombre y apellido<br \/>\n    <span class=\"wpcf7-form-control-wrap your-name\"><input type=\"text\" name=\"your-name\" value=\"\" size=\"40\" class=\"wpcf7-form-control wpcf7-text wpcf7-validates-as-required\" aria-required=\"true\" aria-invalid=\"false\" \/><\/span> <\/label><\/p>\n<p><label> Correo electr\u00f3nico<br \/>\n    <span class=\"wpcf7-form-control-wrap your-email\"><input type=\"email\" name=\"your-email\" value=\"\" size=\"40\" class=\"wpcf7-form-control wpcf7-text wpcf7-email wpcf7-validates-as-required wpcf7-validates-as-email\" aria-required=\"true\" aria-invalid=\"false\" \/><\/span> <\/label><\/p>\n<p><label> Tel\u00e9fono<br \/>\n    <span class=\"wpcf7-form-control-wrap telefono\"><input type=\"tel\" name=\"telefono\" value=\"\" size=\"40\" class=\"wpcf7-form-control wpcf7-text wpcf7-tel wpcf7-validates-as-required wpcf7-validates-as-tel\" aria-required=\"true\" aria-invalid=\"false\" \/><\/span> <\/label><\/p>\n<p><label> Actividad<br \/>\n    <span class=\"wpcf7-form-control-wrap actividad\"><input type=\"text\" name=\"actividad\" value=\"\" size=\"40\" class=\"wpcf7-form-control wpcf7-text wpcf7-validates-as-required\" aria-required=\"true\" aria-invalid=\"false\" \/><\/span> <\/label><\/p>\n<p><label> Producto<br \/>\n    <span class=\"wpcf7-form-control-wrap producto\"><input type=\"text\" name=\"producto\" value=\"\" size=\"40\" class=\"wpcf7-form-control wpcf7-text wpcf7-validates-as-required\" aria-required=\"true\" aria-invalid=\"false\" \/><\/span> <\/label><\/p>\n<p><label> Mercado destino<br \/>\n    <span class=\"wpcf7-form-control-wrap mercado\"><input type=\"text\" name=\"mercado\" value=\"\" size=\"40\" class=\"wpcf7-form-control wpcf7-text wpcf7-validates-as-required\" aria-required=\"true\" aria-invalid=\"false\" \/><\/span> <\/label><\/p>\n<p><label> Mensaje<br \/>\n    <span class=\"wpcf7-form-control-wrap your-message\"><textarea name=\"your-message\" cols=\"40\" rows=\"10\" class=\"wpcf7-form-control wpcf7-textarea wpcf7-validates-as-required\" aria-required=\"true\" aria-invalid=\"false\"><\/textarea><\/span> <\/label><\/p>\n<p>\r\n\r\n\t\t\t                <span class=\"wpcf7-form-control-wrap mailpoetsignup-898\">\r\n            <span class=\"wpcf7-form-control wpcf7-mailpoetsignup\">\r\n                <label class=\"wpcf7-list-label\">\r\n                <input type=\"checkbox\"\r\n                       name=\"mailpoetsignup-898[]\" value=\"Newsletter\"\r\n                       id=\"mailpoetsignup-898\"\r\n\t\t\t\t checked='checked'                \/>Suscribirme al Newsletter                    <input type=\"hidden\" name=\"fieldVal\"  value=\"3\"\r\n                <\/label>\r\n                <br\/>\r\n                <\/span>\r\n\r\n                <\/span>\r\n\r\n\t\t\t<\/p>\n<div class=\"wpcf7-form-control-wrap\"><div data-sitekey=\"6LfEos0UAAAAAPWEHlgsMC62tLzCyspsdTnXe5Ir\" class=\"wpcf7-form-control g-recaptcha wpcf7-recaptcha\"><\/div>\r\n\r\r\n<noscript>\r\r\n\t<div class=\"grecaptcha-noscript\">\r\r\n\t\t<iframe loading=\"lazy\" src=\"https:\/\/www.google.com\/recaptcha\/api\/fallback?k=6LfEos0UAAAAAPWEHlgsMC62tLzCyspsdTnXe5Ir\" frameborder=\"0\" scrolling=\"no\" width=\"310\" height=\"430\">\r\r\n\t\t<\/iframe>\r\r\n\t\t<textarea name=\"g-recaptcha-response\" rows=\"3\" cols=\"40\" placeholder=\"reCaptcha Response Here\">\r\r\n\t\t<\/textarea>\r\r\n\t<\/div>\r\r\n<\/noscript>\r\r\n<\/div>\n<p><input type=\"submit\" value=\"Enviar\" class=\"wpcf7-form-control wpcf7-submit\" \/><\/p>\n<div class=\"wpcf7-response-output wpcf7-display-none\"><\/div><\/form><\/div>[\/vc_column][vc_column width=&#8221;1\/3&#8243;][\/vc_column][\/vc_row][vc_row css_animation=&#8221;&#8221; row_type=&#8221;row&#8221; use_row_as_full_screen_section=&#8221;no&#8221; type=&#8221;grid&#8221; header_style=&#8221;light&#8221; in_content_menu=&#8221;in_content_menu&#8221; content_menu_icon=&#8221;&#8221; angled_section=&#8221;no&#8221; text_align=&#8221;left&#8221; background_image_as_pattern=&#8221;without_pattern&#8221; row_negative_margin=&#8221;disable_negative_margin&#8221; anchor=&#8221;descarga_normas&#8221; content_menu_title=&#8221;Descarga de Normas&#8221; z_index=&#8221;&#8221;][vc_column width=&#8221;2\/3&#8243;][vc_empty_space height=&#8221;100px&#8221;][vc_separator type=&#8221;normal&#8221; up=&#8221;7&#8243; down=&#8221;38&#8243; color=&#8221;#00a94f&#8221;][vc_column_text]<\/p>\n<h1>Descarga de normas<\/h1>\n<p><strong>Por favor, para acceder a la p\u00e1gina donde podr\u00e1 descargar las normas de certificaci\u00f3n, complete el formulario y presione enviar. Es necesario que complete todas las casillas para tener acceso. Gracias.<\/strong>[\/vc_column_text][vc_separator type=&#8221;small&#8221; position=&#8221;left&#8221; up=&#8221;7&#8243; down=&#8221;38&#8243;]<div role=\"form\" class=\"wpcf7\" id=\"wpcf7-f16987-o2\" lang=\"es-AR\" dir=\"ltr\">\n<div class=\"screen-reader-response\"><\/div>\n<form action=\"\/index.php\/wp-json\/wp\/v2\/pages\/15650#wpcf7-f16987-o2\" method=\"post\" class=\"wpcf7-form cf7_custom_style_1\" novalidate=\"novalidate\">\n<div style=\"display: none;\">\n<input type=\"hidden\" name=\"_wpcf7\" value=\"16987\" \/>\n<input type=\"hidden\" name=\"_wpcf7_version\" value=\"5.1.7\" \/>\n<input type=\"hidden\" name=\"_wpcf7_locale\" value=\"es_AR\" \/>\n<input type=\"hidden\" name=\"_wpcf7_unit_tag\" value=\"wpcf7-f16987-o2\" \/>\n<input type=\"hidden\" name=\"_wpcf7_container_post\" value=\"0\" \/>\n<input type=\"hidden\" name=\"g-recaptcha-response\" value=\"\" \/>\n<\/div>\n<p><label> Certificado de inter\u00e9s<br \/>\n<span class=\"wpcf7-form-control-wrap certificado\"><input type=\"text\" name=\"certificado\" value=\"Atributos de Calidad\" size=\"40\" class=\"wpcf7-form-control wpcf7dtx-dynamictext wpcf7-dynamictext\" id=\"id-certificado\" readonly=\"readonly\" aria-invalid=\"false\" \/><\/span><br \/>\n<\/label><\/p>\n<p><label> Nombre y apellido<br \/>\n    <span class=\"wpcf7-form-control-wrap your-name\"><input type=\"text\" name=\"your-name\" value=\"\" size=\"40\" class=\"wpcf7-form-control wpcf7-text wpcf7-validates-as-required\" aria-required=\"true\" aria-invalid=\"false\" \/><\/span> <\/label><\/p>\n<p><label> Correo electr\u00f3nico<br \/>\n    <span class=\"wpcf7-form-control-wrap your-email\"><input type=\"email\" name=\"your-email\" value=\"\" size=\"40\" class=\"wpcf7-form-control wpcf7-text wpcf7-email wpcf7-validates-as-required wpcf7-validates-as-email\" aria-required=\"true\" aria-invalid=\"false\" \/><\/span> <\/label><\/p>\n<p><label> Tel\u00e9fono<br \/>\n    <span class=\"wpcf7-form-control-wrap telefono\"><input type=\"tel\" name=\"telefono\" value=\"\" size=\"40\" class=\"wpcf7-form-control wpcf7-text wpcf7-tel wpcf7-validates-as-required wpcf7-validates-as-tel\" aria-required=\"true\" aria-invalid=\"false\" \/><\/span> <\/label><\/p>\n<p><label> Actividad<br \/>\n    <span class=\"wpcf7-form-control-wrap actividad\"><input type=\"text\" name=\"actividad\" value=\"\" size=\"40\" class=\"wpcf7-form-control wpcf7-text wpcf7-validates-as-required\" aria-required=\"true\" aria-invalid=\"false\" \/><\/span> <\/label><\/p>\n<p><label> Producto<br \/>\n    <span class=\"wpcf7-form-control-wrap producto\"><input type=\"text\" name=\"producto\" value=\"\" size=\"40\" class=\"wpcf7-form-control wpcf7-text wpcf7-validates-as-required\" aria-required=\"true\" aria-invalid=\"false\" \/><\/span> <\/label><\/p>\n<p><label> Mercado destino<br \/>\n    <span class=\"wpcf7-form-control-wrap mercado\"><input type=\"text\" name=\"mercado\" value=\"\" size=\"40\" class=\"wpcf7-form-control wpcf7-text wpcf7-validates-as-required\" aria-required=\"true\" aria-invalid=\"false\" \/><\/span> <\/label><\/p>\n<p><label> Mensaje<br \/>\n    <span class=\"wpcf7-form-control-wrap your-message\"><textarea name=\"your-message\" cols=\"40\" rows=\"10\" class=\"wpcf7-form-control wpcf7-textarea wpcf7-validates-as-required\" aria-required=\"true\" aria-invalid=\"false\"><\/textarea><\/span> <\/label><\/p>\n<p>\r\n\r\n\t\t\t                <span class=\"wpcf7-form-control-wrap mailpoetsignup-898\">\r\n            <span class=\"wpcf7-form-control wpcf7-mailpoetsignup\">\r\n                <label class=\"wpcf7-list-label\">\r\n                <input type=\"checkbox\"\r\n                       name=\"mailpoetsignup-898[]\" value=\"Newsletter\"\r\n                       id=\"mailpoetsignup-898\"\r\n\t\t\t\t checked='checked'                \/>Suscribirme al Newsletter                    <input type=\"hidden\" name=\"fieldVal\"  value=\"3\"\r\n                <\/label>\r\n                <br\/>\r\n                <\/span>\r\n\r\n                <\/span>\r\n\r\n\t\t\t<\/p>\n<div class=\"wpcf7-form-control-wrap\"><div data-sitekey=\"6LfEos0UAAAAAPWEHlgsMC62tLzCyspsdTnXe5Ir\" class=\"wpcf7-form-control g-recaptcha wpcf7-recaptcha\"><\/div>\r\n\r\r\n<noscript>\r\r\n\t<div class=\"grecaptcha-noscript\">\r\r\n\t\t<iframe loading=\"lazy\" src=\"https:\/\/www.google.com\/recaptcha\/api\/fallback?k=6LfEos0UAAAAAPWEHlgsMC62tLzCyspsdTnXe5Ir\" frameborder=\"0\" scrolling=\"no\" width=\"310\" height=\"430\">\r\r\n\t\t<\/iframe>\r\r\n\t\t<textarea name=\"g-recaptcha-response\" rows=\"3\" cols=\"40\" placeholder=\"reCaptcha Response Here\">\r\r\n\t\t<\/textarea>\r\r\n\t<\/div>\r\r\n<\/noscript>\r\r\n<\/div>\n<p><input type=\"submit\" value=\"Enviar\" class=\"wpcf7-form-control wpcf7-submit\" \/><\/p>\n<div class=\"wpcf7-response-output wpcf7-display-none\"><\/div><\/form><\/div>[vc_empty_space height=&#8221;100px&#8221;][\/vc_column][vc_column width=&#8221;1\/3&#8243;][\/vc_column][\/vc_row]<\/p>\n","protected":false},"excerpt":{"rendered":"<p>[vc_row row_type=&#8221;content_menu&#8221; css=&#8221;.vc_custom_1541715947801{margin-top: 0px !important;padding-top: 0px !important;}&#8221; el_id=&#8221;menu&#8221;][vc_column width=&#8221;2\/3&#8243;][\/vc_column][vc_column width=&#8221;1\/3&#8243;][\/vc_column][\/vc_row][vc_row css_animation=&#8221;&#8221; row_type=&#8221;row&#8221; use_row_as_full_screen_section=&#8221;no&#8221; type=&#8221;grid&#8221; header_style=&#8221;light&#8221; in_content_menu=&#8221;in_content_menu&#8221; content_menu_icon=&#8221;&#8221; angled_section=&#8221;no&#8221; text_align=&#8221;left&#8221; background_image_as_pattern=&#8221;without_pattern&#8221; row_negative_margin=&#8221;disable_negative_margin&#8221; anchor=&#8221;caracteristicas&#8221; content_menu_title=&#8221;Caracter\u00edsticas&#8221; z_index=&#8221;&#8221;][vc_column width=&#8221;2\/3&#8243;][vc_column_text] Caracter\u00edsticas [\/vc_column_text][vc_separator type=&#8221;small&#8221; position=&#8221;left&#8221; up=&#8221;7&#8243;&#8230;<\/p>\n","protected":false},"author":1,"featured_media":0,"parent":15542,"menu_order":0,"comment_status":"open","ping_status":"closed","template":"","meta":{"footnotes":""},"class_list":["post-15650","page","type-page","status-publish","hentry"],"_links":{"self":[{"href":"https:\/\/www.oia.com.ar\/index.php\/wp-json\/wp\/v2\/pages\/15650","targetHints":{"allow":["GET"]}}],"collection":[{"href":"https:\/\/www.oia.com.ar\/index.php\/wp-json\/wp\/v2\/pages"}],"about":[{"href":"https:\/\/www.oia.com.ar\/index.php\/wp-json\/wp\/v2\/types\/page"}],"author":[{"embeddable":true,"href":"https:\/\/www.oia.com.ar\/index.php\/wp-json\/wp\/v2\/users\/1"}],"replies":[{"embeddable":true,"href":"https:\/\/www.oia.com.ar\/index.php\/wp-json\/wp\/v2\/comments?post=15650"}],"version-history":[{"count":5,"href":"https:\/\/www.oia.com.ar\/index.php\/wp-json\/wp\/v2\/pages\/15650\/revisions"}],"predecessor-version":[{"id":17197,"href":"https:\/\/www.oia.com.ar\/index.php\/wp-json\/wp\/v2\/pages\/15650\/revisions\/17197"}],"up":[{"embeddable":true,"href":"https:\/\/www.oia.com.ar\/index.php\/wp-json\/wp\/v2\/pages\/15542"}],"wp:attachment":[{"href":"https:\/\/www.oia.com.ar\/index.php\/wp-json\/wp\/v2\/media?parent=15650"}],"curies":[{"name":"wp","href":"https:\/\/api.w.org\/{rel}","templated":true}]}}