{"id":15665,"date":"2019-06-18T17:02:35","date_gmt":"2019-06-18T20:02:35","guid":{"rendered":"https:\/\/www.oia.com.ar\/?page_id=15665"},"modified":"2020-05-14T11:24:45","modified_gmt":"2020-05-14T14:24:45","slug":"bpm-buenas-practicas-de-manufactura","status":"publish","type":"page","link":"https:\/\/www.oia.com.ar\/index.php\/certificaciones\/programas-de-certificacion\/bpm-buenas-practicas-de-manufactura\/","title":{"rendered":"BPM \/ Buenas Pr\u00e1cticas de Manufactura"},"content":{"rendered":"<p>[vc_row row_type=&#8221;content_menu&#8221; css=&#8221;.vc_custom_1541715947801{margin-top: 0px !important;padding-top: 0px !important;}&#8221; el_id=&#8221;menu&#8221;][vc_column width=&#8221;2\/3&#8243;][\/vc_column][vc_column width=&#8221;1\/3&#8243;][\/vc_column][\/vc_row][vc_row css_animation=&#8221;&#8221; row_type=&#8221;row&#8221; use_row_as_full_screen_section=&#8221;no&#8221; type=&#8221;grid&#8221; header_style=&#8221;light&#8221; in_content_menu=&#8221;in_content_menu&#8221; content_menu_icon=&#8221;&#8221; angled_section=&#8221;no&#8221; text_align=&#8221;left&#8221; background_image_as_pattern=&#8221;without_pattern&#8221; row_negative_margin=&#8221;disable_negative_margin&#8221; anchor=&#8221;caracteristicas&#8221; content_menu_title=&#8221;Caracter\u00edsticas&#8221; z_index=&#8221;&#8221;][vc_column width=&#8221;2\/3&#8243;][vc_column_text]<\/p>\n<h1>Caracter\u00edsticas<\/h1>\n<p>[\/vc_column_text][vc_separator type=&#8221;small&#8221; position=&#8221;left&#8221; up=&#8221;7&#8243; down=&#8221;38&#8243;][vc_column_text]<\/p>\n<h5>Las Buenas Pr\u00e1cticas de Manufactura se enfocan en las condiciones y requerimientos higi\u00e9nicos para la elaboraci\u00f3n, fraccionamiento, almacenamiento y distribuci\u00f3n de alimentos aptos y seguros para el consumo humano.<\/h5>\n<p>La Certificaci\u00f3n involucra en forma conjunta a las materias primas y la forma de operar del establecimiento. Se tiene en cuenta la estructura de la empresa, la higiene, el personal, el almacenamiento y transporte tanto para las materias primas como para el producto final. Se verifican tambi\u00e9n los controles de los procesos y su respectiva documentaci\u00f3n.<\/p>\n<p>La importancia de la certificaci\u00f3n BPM es que otorga al producto una garant\u00eda de valor agregado. La auditor\u00eda por una tercera parte ayuda a crear un lazo de confianza, seguridad, garant\u00eda y compromiso entre productores, proveedores y consumidores.<\/p>\n<p>Se eval\u00faa la situaci\u00f3n frente a equipamientos, limpieza, desinfecci\u00f3n y asuntos presentes en el c\u00f3digo alimentario argentino en la Resoluci\u00f3n Mercosur 80\/96.<\/p>\n<h5><strong>\u00bfPor qu\u00e9 es importante BPM?<\/strong><\/h5>\n<p>El cumplimiento de las BPM es de car\u00e1cter obligatorio para todos los establecimientos elaboradores de alimentos que produzcan en el pa\u00eds. A su vez, la aplicaci\u00f3n de BPM es un pre-requisito para la Certificaci\u00f3n HACCP.<\/p>\n<h5><strong>\u00bfC\u00f3mo es el proceso de certificaci\u00f3n de BPM?<\/strong><\/h5>\n<ol>\n<li>El proceso comienza cuando el\u00a0elaborador se re\u00fane con OIA para presentar su empresa elaboradora.<\/li>\n<li>Ante la solicitud de certificaci\u00f3n y firma de contrato, se realiza el intercambio de documentaci\u00f3n e informaci\u00f3n requerida por el Programa de BPM.<\/li>\n<li>Luego de concretar la auditor\u00eda, se prepara un informe del cual pueden, como no, surgir no conformidades. El establecimiento est\u00e1 certificado BPM luego de un informe positivo con ausencia de no conformidades.<\/li>\n<li>Finalmente, se reinicia el ciclo para la supervisi\u00f3n.<\/li>\n<\/ol>\n<p>[\/vc_column_text][\/vc_column][vc_column width=&#8221;1\/3&#8243;][\/vc_column][\/vc_row][vc_row css_animation=&#8221;&#8221; row_type=&#8221;row&#8221; use_row_as_full_screen_section=&#8221;no&#8221; type=&#8221;grid&#8221; header_style=&#8221;light&#8221; in_content_menu=&#8221;in_content_menu&#8221; content_menu_icon=&#8221;&#8221; angled_section=&#8221;no&#8221; text_align=&#8221;left&#8221; background_image_as_pattern=&#8221;without_pattern&#8221; row_negative_margin=&#8221;disable_negative_margin&#8221; anchor=&#8221;form_online&#8221; content_menu_title=&#8221;Consultas&#8221; z_index=&#8221;&#8221;][vc_column width=&#8221;2\/3&#8243;][vc_empty_space height=&#8221;100px&#8221;][vc_column_text]<\/p>\n<h1>Consultas<\/h1>\n<p>[\/vc_column_text][vc_separator type=&#8221;small&#8221; position=&#8221;left&#8221; up=&#8221;7&#8243; down=&#8221;38&#8243;]<div role=\"form\" class=\"wpcf7\" id=\"wpcf7-f5-o1\" lang=\"es-AR\" dir=\"ltr\">\n<div class=\"screen-reader-response\"><\/div>\n<form action=\"\/index.php\/wp-json\/wp\/v2\/pages\/15665#wpcf7-f5-o1\" method=\"post\" class=\"wpcf7-form default\" novalidate=\"novalidate\">\n<div style=\"display: none;\">\n<input type=\"hidden\" name=\"_wpcf7\" value=\"5\" \/>\n<input type=\"hidden\" name=\"_wpcf7_version\" value=\"5.1.7\" \/>\n<input type=\"hidden\" name=\"_wpcf7_locale\" value=\"es_AR\" \/>\n<input type=\"hidden\" name=\"_wpcf7_unit_tag\" value=\"wpcf7-f5-o1\" \/>\n<input type=\"hidden\" name=\"_wpcf7_container_post\" value=\"0\" \/>\n<input type=\"hidden\" name=\"g-recaptcha-response\" value=\"\" \/>\n<\/div>\n<p><label> Certificado de inter\u00e9s<br \/>\n<span class=\"wpcf7-form-control-wrap certificado\"><input type=\"text\" name=\"certificado\" value=\"BPM \/ Buenas Pr\u00e1cticas de Manufactura\" size=\"40\" class=\"wpcf7-form-control wpcf7dtx-dynamictext wpcf7-dynamictext\" readonly=\"readonly\" aria-invalid=\"false\" \/><\/span><br \/>\n<\/label><\/p>\n<p><label> Nombre y apellido<br \/>\n    <span class=\"wpcf7-form-control-wrap your-name\"><input type=\"text\" name=\"your-name\" value=\"\" size=\"40\" class=\"wpcf7-form-control wpcf7-text wpcf7-validates-as-required\" aria-required=\"true\" aria-invalid=\"false\" \/><\/span> <\/label><\/p>\n<p><label> Correo electr\u00f3nico<br \/>\n    <span class=\"wpcf7-form-control-wrap your-email\"><input type=\"email\" name=\"your-email\" value=\"\" size=\"40\" class=\"wpcf7-form-control wpcf7-text wpcf7-email wpcf7-validates-as-required wpcf7-validates-as-email\" aria-required=\"true\" aria-invalid=\"false\" \/><\/span> <\/label><\/p>\n<p><label> Tel\u00e9fono<br \/>\n    <span class=\"wpcf7-form-control-wrap telefono\"><input type=\"tel\" name=\"telefono\" value=\"\" size=\"40\" class=\"wpcf7-form-control wpcf7-text wpcf7-tel wpcf7-validates-as-required wpcf7-validates-as-tel\" aria-required=\"true\" aria-invalid=\"false\" \/><\/span> <\/label><\/p>\n<p><label> Actividad<br \/>\n    <span class=\"wpcf7-form-control-wrap actividad\"><input type=\"text\" name=\"actividad\" value=\"\" size=\"40\" class=\"wpcf7-form-control wpcf7-text wpcf7-validates-as-required\" aria-required=\"true\" aria-invalid=\"false\" \/><\/span> <\/label><\/p>\n<p><label> Producto<br \/>\n    <span class=\"wpcf7-form-control-wrap producto\"><input type=\"text\" name=\"producto\" value=\"\" size=\"40\" class=\"wpcf7-form-control wpcf7-text wpcf7-validates-as-required\" aria-required=\"true\" aria-invalid=\"false\" \/><\/span> <\/label><\/p>\n<p><label> Mercado destino<br \/>\n    <span class=\"wpcf7-form-control-wrap mercado\"><input type=\"text\" name=\"mercado\" value=\"\" size=\"40\" class=\"wpcf7-form-control wpcf7-text wpcf7-validates-as-required\" aria-required=\"true\" aria-invalid=\"false\" \/><\/span> <\/label><\/p>\n<p><label> Mensaje<br \/>\n    <span class=\"wpcf7-form-control-wrap your-message\"><textarea name=\"your-message\" cols=\"40\" rows=\"10\" class=\"wpcf7-form-control wpcf7-textarea wpcf7-validates-as-required\" aria-required=\"true\" aria-invalid=\"false\"><\/textarea><\/span> <\/label><\/p>\n<p>\r\n\r\n\t\t\t                <span class=\"wpcf7-form-control-wrap mailpoetsignup-898\">\r\n            <span class=\"wpcf7-form-control wpcf7-mailpoetsignup\">\r\n                <label class=\"wpcf7-list-label\">\r\n                <input type=\"checkbox\"\r\n                       name=\"mailpoetsignup-898[]\" value=\"Newsletter\"\r\n                       id=\"mailpoetsignup-898\"\r\n\t\t\t\t checked='checked'                \/>Suscribirme al Newsletter                    <input type=\"hidden\" name=\"fieldVal\"  value=\"3\"\r\n                <\/label>\r\n                <br\/>\r\n                <\/span>\r\n\r\n                <\/span>\r\n\r\n\t\t\t<\/p>\n<div class=\"wpcf7-form-control-wrap\"><div data-sitekey=\"6LfEos0UAAAAAPWEHlgsMC62tLzCyspsdTnXe5Ir\" class=\"wpcf7-form-control g-recaptcha wpcf7-recaptcha\"><\/div>\r\n\r\r\n<noscript>\r\r\n\t<div class=\"grecaptcha-noscript\">\r\r\n\t\t<iframe loading=\"lazy\" src=\"https:\/\/www.google.com\/recaptcha\/api\/fallback?k=6LfEos0UAAAAAPWEHlgsMC62tLzCyspsdTnXe5Ir\" frameborder=\"0\" scrolling=\"no\" width=\"310\" height=\"430\">\r\r\n\t\t<\/iframe>\r\r\n\t\t<textarea name=\"g-recaptcha-response\" rows=\"3\" cols=\"40\" placeholder=\"reCaptcha Response Here\">\r\r\n\t\t<\/textarea>\r\r\n\t<\/div>\r\r\n<\/noscript>\r\r\n<\/div>\n<p><input type=\"submit\" value=\"Enviar\" class=\"wpcf7-form-control wpcf7-submit\" \/><\/p>\n<div class=\"wpcf7-response-output wpcf7-display-none\"><\/div><\/form><\/div>[vc_empty_space height=&#8221;100px&#8221;][\/vc_column][vc_column width=&#8221;1\/3&#8243;][\/vc_column][\/vc_row][vc_row css_animation=&#8221;&#8221; row_type=&#8221;row&#8221; use_row_as_full_screen_section=&#8221;no&#8221; type=&#8221;grid&#8221; header_style=&#8221;light&#8221; in_content_menu=&#8221;in_content_menu&#8221; content_menu_icon=&#8221;&#8221; angled_section=&#8221;no&#8221; text_align=&#8221;left&#8221; background_image_as_pattern=&#8221;without_pattern&#8221; row_negative_margin=&#8221;disable_negative_margin&#8221; anchor=&#8221;descarga_normas&#8221; content_menu_title=&#8221;Descarga de Normas&#8221; z_index=&#8221;&#8221;][vc_column width=&#8221;2\/3&#8243;][vc_empty_space height=&#8221;100px&#8221;][vc_separator type=&#8221;normal&#8221; up=&#8221;7&#8243; down=&#8221;38&#8243; color=&#8221;#00a94f&#8221;][vc_column_text]<\/p>\n<h1>Descarga de normas<\/h1>\n<p><strong>Por favor, para acceder a la p\u00e1gina donde podr\u00e1 descargar las normas de certificaci\u00f3n, complete el formulario y presione enviar. Es necesario que complete todas las casillas para tener acceso. Gracias.<\/strong>[\/vc_column_text][vc_separator type=&#8221;small&#8221; position=&#8221;left&#8221; up=&#8221;7&#8243; down=&#8221;38&#8243;]<div role=\"form\" class=\"wpcf7\" id=\"wpcf7-f16987-o2\" lang=\"es-AR\" dir=\"ltr\">\n<div class=\"screen-reader-response\"><\/div>\n<form action=\"\/index.php\/wp-json\/wp\/v2\/pages\/15665#wpcf7-f16987-o2\" method=\"post\" class=\"wpcf7-form cf7_custom_style_1\" novalidate=\"novalidate\">\n<div style=\"display: none;\">\n<input type=\"hidden\" name=\"_wpcf7\" value=\"16987\" \/>\n<input type=\"hidden\" name=\"_wpcf7_version\" value=\"5.1.7\" \/>\n<input type=\"hidden\" name=\"_wpcf7_locale\" value=\"es_AR\" \/>\n<input type=\"hidden\" name=\"_wpcf7_unit_tag\" value=\"wpcf7-f16987-o2\" \/>\n<input type=\"hidden\" name=\"_wpcf7_container_post\" value=\"0\" \/>\n<input type=\"hidden\" name=\"g-recaptcha-response\" value=\"\" \/>\n<\/div>\n<p><label> Certificado de inter\u00e9s<br \/>\n<span class=\"wpcf7-form-control-wrap certificado\"><input type=\"text\" name=\"certificado\" value=\"BPM \/ Buenas Pr\u00e1cticas de Manufactura\" size=\"40\" class=\"wpcf7-form-control wpcf7dtx-dynamictext wpcf7-dynamictext\" id=\"id-certificado\" readonly=\"readonly\" aria-invalid=\"false\" \/><\/span><br \/>\n<\/label><\/p>\n<p><label> Nombre y apellido<br \/>\n    <span class=\"wpcf7-form-control-wrap your-name\"><input type=\"text\" name=\"your-name\" value=\"\" size=\"40\" class=\"wpcf7-form-control wpcf7-text wpcf7-validates-as-required\" aria-required=\"true\" aria-invalid=\"false\" \/><\/span> <\/label><\/p>\n<p><label> Correo electr\u00f3nico<br \/>\n    <span class=\"wpcf7-form-control-wrap your-email\"><input type=\"email\" name=\"your-email\" value=\"\" size=\"40\" class=\"wpcf7-form-control wpcf7-text wpcf7-email wpcf7-validates-as-required wpcf7-validates-as-email\" aria-required=\"true\" aria-invalid=\"false\" \/><\/span> <\/label><\/p>\n<p><label> Tel\u00e9fono<br \/>\n    <span class=\"wpcf7-form-control-wrap telefono\"><input type=\"tel\" name=\"telefono\" value=\"\" size=\"40\" class=\"wpcf7-form-control wpcf7-text wpcf7-tel wpcf7-validates-as-required wpcf7-validates-as-tel\" aria-required=\"true\" aria-invalid=\"false\" \/><\/span> <\/label><\/p>\n<p><label> Actividad<br \/>\n    <span class=\"wpcf7-form-control-wrap actividad\"><input type=\"text\" name=\"actividad\" value=\"\" size=\"40\" class=\"wpcf7-form-control wpcf7-text wpcf7-validates-as-required\" aria-required=\"true\" aria-invalid=\"false\" \/><\/span> <\/label><\/p>\n<p><label> Producto<br \/>\n    <span class=\"wpcf7-form-control-wrap producto\"><input type=\"text\" name=\"producto\" value=\"\" size=\"40\" class=\"wpcf7-form-control wpcf7-text wpcf7-validates-as-required\" aria-required=\"true\" aria-invalid=\"false\" \/><\/span> <\/label><\/p>\n<p><label> Mercado destino<br \/>\n    <span class=\"wpcf7-form-control-wrap mercado\"><input type=\"text\" name=\"mercado\" value=\"\" size=\"40\" class=\"wpcf7-form-control wpcf7-text wpcf7-validates-as-required\" aria-required=\"true\" aria-invalid=\"false\" \/><\/span> <\/label><\/p>\n<p><label> Mensaje<br \/>\n    <span class=\"wpcf7-form-control-wrap your-message\"><textarea name=\"your-message\" cols=\"40\" rows=\"10\" class=\"wpcf7-form-control wpcf7-textarea wpcf7-validates-as-required\" aria-required=\"true\" aria-invalid=\"false\"><\/textarea><\/span> <\/label><\/p>\n<p>\r\n\r\n\t\t\t                <span class=\"wpcf7-form-control-wrap mailpoetsignup-898\">\r\n            <span class=\"wpcf7-form-control wpcf7-mailpoetsignup\">\r\n                <label class=\"wpcf7-list-label\">\r\n                <input type=\"checkbox\"\r\n                       name=\"mailpoetsignup-898[]\" value=\"Newsletter\"\r\n                       id=\"mailpoetsignup-898\"\r\n\t\t\t\t checked='checked'                \/>Suscribirme al Newsletter                    <input type=\"hidden\" name=\"fieldVal\"  value=\"3\"\r\n                <\/label>\r\n                <br\/>\r\n                <\/span>\r\n\r\n                <\/span>\r\n\r\n\t\t\t<\/p>\n<div class=\"wpcf7-form-control-wrap\"><div data-sitekey=\"6LfEos0UAAAAAPWEHlgsMC62tLzCyspsdTnXe5Ir\" class=\"wpcf7-form-control g-recaptcha wpcf7-recaptcha\"><\/div>\r\n\r\r\n<noscript>\r\r\n\t<div class=\"grecaptcha-noscript\">\r\r\n\t\t<iframe loading=\"lazy\" src=\"https:\/\/www.google.com\/recaptcha\/api\/fallback?k=6LfEos0UAAAAAPWEHlgsMC62tLzCyspsdTnXe5Ir\" frameborder=\"0\" scrolling=\"no\" width=\"310\" height=\"430\">\r\r\n\t\t<\/iframe>\r\r\n\t\t<textarea name=\"g-recaptcha-response\" rows=\"3\" cols=\"40\" placeholder=\"reCaptcha Response Here\">\r\r\n\t\t<\/textarea>\r\r\n\t<\/div>\r\r\n<\/noscript>\r\r\n<\/div>\n<p><input type=\"submit\" value=\"Enviar\" class=\"wpcf7-form-control wpcf7-submit\" \/><\/p>\n<div class=\"wpcf7-response-output wpcf7-display-none\"><\/div><\/form><\/div>[vc_empty_space height=&#8221;100px&#8221;][\/vc_column][vc_column width=&#8221;1\/3&#8243;][\/vc_column][\/vc_row]<\/p>\n","protected":false},"excerpt":{"rendered":"<p>[vc_row row_type=&#8221;content_menu&#8221; css=&#8221;.vc_custom_1541715947801{margin-top: 0px !important;padding-top: 0px !important;}&#8221; el_id=&#8221;menu&#8221;][vc_column width=&#8221;2\/3&#8243;][\/vc_column][vc_column width=&#8221;1\/3&#8243;][\/vc_column][\/vc_row][vc_row css_animation=&#8221;&#8221; row_type=&#8221;row&#8221; use_row_as_full_screen_section=&#8221;no&#8221; type=&#8221;grid&#8221; header_style=&#8221;light&#8221; in_content_menu=&#8221;in_content_menu&#8221; content_menu_icon=&#8221;&#8221; angled_section=&#8221;no&#8221; text_align=&#8221;left&#8221; background_image_as_pattern=&#8221;without_pattern&#8221; row_negative_margin=&#8221;disable_negative_margin&#8221; anchor=&#8221;caracteristicas&#8221; content_menu_title=&#8221;Caracter\u00edsticas&#8221; z_index=&#8221;&#8221;][vc_column width=&#8221;2\/3&#8243;][vc_column_text] Caracter\u00edsticas [\/vc_column_text][vc_separator type=&#8221;small&#8221; position=&#8221;left&#8221; up=&#8221;7&#8243;&#8230;<\/p>\n","protected":false},"author":1,"featured_media":0,"parent":15542,"menu_order":0,"comment_status":"open","ping_status":"closed","template":"","meta":{"footnotes":""},"class_list":["post-15665","page","type-page","status-publish","hentry"],"_links":{"self":[{"href":"https:\/\/www.oia.com.ar\/index.php\/wp-json\/wp\/v2\/pages\/15665","targetHints":{"allow":["GET"]}}],"collection":[{"href":"https:\/\/www.oia.com.ar\/index.php\/wp-json\/wp\/v2\/pages"}],"about":[{"href":"https:\/\/www.oia.com.ar\/index.php\/wp-json\/wp\/v2\/types\/page"}],"author":[{"embeddable":true,"href":"https:\/\/www.oia.com.ar\/index.php\/wp-json\/wp\/v2\/users\/1"}],"replies":[{"embeddable":true,"href":"https:\/\/www.oia.com.ar\/index.php\/wp-json\/wp\/v2\/comments?post=15665"}],"version-history":[{"count":6,"href":"https:\/\/www.oia.com.ar\/index.php\/wp-json\/wp\/v2\/pages\/15665\/revisions"}],"predecessor-version":[{"id":17273,"href":"https:\/\/www.oia.com.ar\/index.php\/wp-json\/wp\/v2\/pages\/15665\/revisions\/17273"}],"up":[{"embeddable":true,"href":"https:\/\/www.oia.com.ar\/index.php\/wp-json\/wp\/v2\/pages\/15542"}],"wp:attachment":[{"href":"https:\/\/www.oia.com.ar\/index.php\/wp-json\/wp\/v2\/media?parent=15665"}],"curies":[{"name":"wp","href":"https:\/\/api.w.org\/{rel}","templated":true}]}}