{"id":15687,"date":"2019-06-18T19:16:10","date_gmt":"2019-06-18T22:16:10","guid":{"rendered":"https:\/\/www.oia.com.ar\/?page_id=15687"},"modified":"2020-05-14T11:34:58","modified_gmt":"2020-05-14T14:34:58","slug":"sello-de-calidad-certificada-tierra-del-fuego","status":"publish","type":"page","link":"https:\/\/www.oia.com.ar\/certificaciones\/programas-de-certificacion\/sello-de-calidad-certificada-tierra-del-fuego\/","title":{"rendered":"Sello de Calidad Certificada Tierra del Fuego"},"content":{"rendered":"<p>[vc_row row_type=&#8221;content_menu&#8221; css=&#8221;.vc_custom_1541715947801{margin-top: 0px !important;padding-top: 0px !important;}&#8221; el_id=&#8221;menu&#8221;][vc_column width=&#8221;2\/3&#8243;][\/vc_column][vc_column width=&#8221;1\/3&#8243;][\/vc_column][\/vc_row][vc_row css_animation=&#8221;&#8221; row_type=&#8221;row&#8221; use_row_as_full_screen_section=&#8221;no&#8221; type=&#8221;grid&#8221; header_style=&#8221;light&#8221; in_content_menu=&#8221;in_content_menu&#8221; content_menu_icon=&#8221;&#8221; angled_section=&#8221;no&#8221; text_align=&#8221;left&#8221; background_image_as_pattern=&#8221;without_pattern&#8221; row_negative_margin=&#8221;disable_negative_margin&#8221; anchor=&#8221;caracteristicas&#8221; content_menu_title=&#8221;Caracter\u00edsticas&#8221; z_index=&#8221;&#8221;][vc_column width=&#8221;2\/3&#8243;][vc_column_text]<\/p>\n<h1>Caracter\u00edsticas<\/h1>\n<p>[\/vc_column_text][vc_separator type=&#8221;small&#8221; position=&#8221;left&#8221; up=&#8221;7&#8243; down=&#8221;38&#8243;][vc_column_text]<\/p>\n<h5>El Sello de Calidad Certificada Tierra del Fuego \u2013 Fin del Mundo es la primera distinci\u00f3n provincial PyMEs que garantiza calidad de sus productos y servicios y ofrece un valor agregado a trav\u00e9s de la identidad de territorio.<\/h5>\n<p>Este sello lo pueden obtener aquellas PyMEs que han implementado un sistema de gesti\u00f3n de calidad de acuerdo a los criterios establecidos en los protocolos espec\u00edficos de los diferentes sectores productivos: ovino para carne y l\u00e1cteos, acuicultura, productos gourmet, productos de mar, restaurantes y muebler\u00eda.<\/p>\n<p>El objetivo es que las empresas certificadas incrementen su competitividad, asegurando la calidad de sus procesos productivos, la satisfacci\u00f3n del cliente, la capacitaci\u00f3n de sus operarios, la preservaci\u00f3n del medio ambiente, la responsabilidad social y el tratamiento de los residuos generados por la actividad productiva.<\/p>\n<p>Los protocolos aprobados a la fecha son:<\/p>\n<p><a href=\"http:\/\/www.sellocalidadtdf.com.ar\/wp-content\/uploads\/2014\/08\/Protocolo-General.pdf\" target=\"_blank\" rel=\"noopener noreferrer\">Protocolo General<\/a><\/p>\n<p><a href=\"http:\/\/www.sellocalidadtdf.com.ar\/wp-content\/uploads\/2014\/08\/Producci%C3%B3n-de-l%C3%A1cteos-ovinos.pdf\" target=\"_blank\" rel=\"noopener noreferrer\">Producci\u00f3n de l\u00e1cteos ovinos<\/a><\/p>\n<p><a href=\"http:\/\/www.sellocalidadtdf.com.ar\/wp-content\/uploads\/2014\/08\/Carne-ovina.pdf\" target=\"_blank\" rel=\"noopener noreferrer\">Carne ovina<\/a><\/p>\n<p><a href=\"http:\/\/www.sellocalidadtdf.com.ar\/wp-content\/uploads\/2014\/08\/Acuicultura-cultivo-de-mejillones.pdf\" target=\"_blank\" rel=\"noopener noreferrer\">Acuicultura cultivo de mejillones<\/a><\/p>\n<p><a href=\"http:\/\/www.sellocalidadtdf.com.ar\/wp-content\/uploads\/2014\/08\/Protocolo-de-crust%C3%A1ceos.pdf\" target=\"_blank\" rel=\"noopener noreferrer\">Crust\u00e1ceos<\/a><\/p>\n<p><a href=\"http:\/\/www.sellocalidadtdf.com.ar\/wp-content\/uploads\/2014\/08\/Procesamiento-de-productos-de-mar.pdf\" target=\"_blank\" rel=\"noopener noreferrer\">Procesamiento de productos de mar<\/a><\/p>\n<p><a href=\"http:\/\/www.sellocalidadtdf.com.ar\/wp-content\/uploads\/2014\/08\/Productos-con-madera-de-lenga.pdf\" target=\"_blank\" rel=\"noopener noreferrer\">Productos con madera de lenga<\/a><\/p>\n<p><a href=\"http:\/\/www.sellocalidadtdf.com.ar\/wp-content\/uploads\/2014\/08\/Productos-gourmet.pdf\" target=\"_blank\" rel=\"noopener noreferrer\">Productos gourmet<\/a><\/p>\n<p><a href=\"http:\/\/www.sellocalidadtdf.com.ar\/wp-content\/uploads\/2014\/08\/Restaurantes.pdf\" target=\"_blank\" rel=\"noopener noreferrer\">Restaurantes<\/a>[\/vc_column_text][\/vc_column][vc_column width=&#8221;1\/3&#8243;][\/vc_column][\/vc_row][vc_row css_animation=&#8221;&#8221; row_type=&#8221;row&#8221; use_row_as_full_screen_section=&#8221;no&#8221; type=&#8221;grid&#8221; header_style=&#8221;light&#8221; in_content_menu=&#8221;in_content_menu&#8221; content_menu_icon=&#8221;&#8221; angled_section=&#8221;no&#8221; text_align=&#8221;left&#8221; background_image_as_pattern=&#8221;without_pattern&#8221; row_negative_margin=&#8221;disable_negative_margin&#8221; anchor=&#8221;form_online&#8221; content_menu_title=&#8221;Consultas&#8221; z_index=&#8221;&#8221;][vc_column width=&#8221;2\/3&#8243;][vc_empty_space height=&#8221;100px&#8221;][vc_column_text]<\/p>\n<h1>Consultas<\/h1>\n<p>[\/vc_column_text][vc_separator type=&#8221;small&#8221; position=&#8221;left&#8221; up=&#8221;7&#8243; down=&#8221;38&#8243;]<div role=\"form\" class=\"wpcf7\" id=\"wpcf7-f5-o1\" lang=\"es-AR\" dir=\"ltr\">\n<div class=\"screen-reader-response\"><\/div>\n<form action=\"\/index.php\/wp-json\/wp\/v2\/pages\/15687#wpcf7-f5-o1\" method=\"post\" class=\"wpcf7-form default\" novalidate=\"novalidate\">\n<div style=\"display: none;\">\n<input type=\"hidden\" name=\"_wpcf7\" value=\"5\" \/>\n<input type=\"hidden\" name=\"_wpcf7_version\" value=\"5.1.7\" \/>\n<input type=\"hidden\" name=\"_wpcf7_locale\" value=\"es_AR\" \/>\n<input type=\"hidden\" name=\"_wpcf7_unit_tag\" value=\"wpcf7-f5-o1\" \/>\n<input type=\"hidden\" name=\"_wpcf7_container_post\" value=\"0\" \/>\n<input type=\"hidden\" name=\"g-recaptcha-response\" value=\"\" \/>\n<\/div>\n<p><label> Certificado de inter\u00e9s<br \/>\n<span class=\"wpcf7-form-control-wrap certificado\"><input type=\"text\" name=\"certificado\" value=\"Sello de Calidad Certificada Tierra del Fuego\" size=\"40\" class=\"wpcf7-form-control wpcf7dtx-dynamictext wpcf7-dynamictext\" readonly=\"readonly\" aria-invalid=\"false\" \/><\/span><br \/>\n<\/label><\/p>\n<p><label> Nombre y apellido<br \/>\n    <span class=\"wpcf7-form-control-wrap your-name\"><input type=\"text\" name=\"your-name\" value=\"\" size=\"40\" class=\"wpcf7-form-control wpcf7-text wpcf7-validates-as-required\" aria-required=\"true\" aria-invalid=\"false\" \/><\/span> <\/label><\/p>\n<p><label> Correo electr\u00f3nico<br \/>\n    <span class=\"wpcf7-form-control-wrap your-email\"><input type=\"email\" name=\"your-email\" value=\"\" size=\"40\" class=\"wpcf7-form-control wpcf7-text wpcf7-email wpcf7-validates-as-required wpcf7-validates-as-email\" aria-required=\"true\" aria-invalid=\"false\" \/><\/span> <\/label><\/p>\n<p><label> Tel\u00e9fono<br \/>\n    <span class=\"wpcf7-form-control-wrap telefono\"><input type=\"tel\" name=\"telefono\" value=\"\" size=\"40\" class=\"wpcf7-form-control wpcf7-text wpcf7-tel wpcf7-validates-as-required wpcf7-validates-as-tel\" aria-required=\"true\" aria-invalid=\"false\" \/><\/span> <\/label><\/p>\n<p><label> Actividad<br \/>\n    <span class=\"wpcf7-form-control-wrap actividad\"><input type=\"text\" name=\"actividad\" value=\"\" size=\"40\" class=\"wpcf7-form-control wpcf7-text wpcf7-validates-as-required\" aria-required=\"true\" aria-invalid=\"false\" \/><\/span> <\/label><\/p>\n<p><label> Producto<br \/>\n    <span class=\"wpcf7-form-control-wrap producto\"><input type=\"text\" name=\"producto\" value=\"\" size=\"40\" class=\"wpcf7-form-control wpcf7-text wpcf7-validates-as-required\" aria-required=\"true\" aria-invalid=\"false\" \/><\/span> <\/label><\/p>\n<p><label> Mercado destino<br \/>\n    <span class=\"wpcf7-form-control-wrap mercado\"><input type=\"text\" name=\"mercado\" value=\"\" size=\"40\" class=\"wpcf7-form-control wpcf7-text wpcf7-validates-as-required\" aria-required=\"true\" aria-invalid=\"false\" \/><\/span> <\/label><\/p>\n<p><label> Mensaje<br \/>\n    <span class=\"wpcf7-form-control-wrap your-message\"><textarea name=\"your-message\" cols=\"40\" rows=\"10\" class=\"wpcf7-form-control wpcf7-textarea wpcf7-validates-as-required\" aria-required=\"true\" aria-invalid=\"false\"><\/textarea><\/span> <\/label><\/p>\n<p>\n\n\t\t\t\t\t\t\t<span class=\"wpcf7-form-control-wrap mailpoetsignup-898\">\n\t\t\t<span class=\"wpcf7-form-control wpcf7-mailpoetsignup\">\n\t\t\t\t<label class=\"wpcf7-list-label\">\n\t\t\t\t<input type=\"checkbox\"\n\t\t\t\tname=\"mailpoetsignup-898[]\" value=\"\n\t\t\t\t\t\t\t\t\t\tNewsletter\t\t\t\t\"\n\t\t\t\tid=\"\" class=\"\"\n\t\t\t\t checked='checked'\t\t\t\t\/>Suscribirme al Newsletter\t\t\t\t\t<input type=\"hidden\" name=\"fieldVal\"  value=\"\n\t\t\t\t\t3\t\t\t\t\t\"\n\t\t\t\t<\/label>\n\t\t\t\t<br\/>\n\t\t\t\t<\/span>\n\n\t\t\t\t<\/span>\n\n\t\t\t\t<\/p>\n<div class=\"wpcf7-form-control-wrap\"><div data-sitekey=\"6LfEos0UAAAAAPWEHlgsMC62tLzCyspsdTnXe5Ir\" class=\"wpcf7-form-control g-recaptcha wpcf7-recaptcha\"><\/div>\r\n\r\r\n<noscript>\r\r\n\t<div class=\"grecaptcha-noscript\">\r\r\n\t\t<iframe loading=\"lazy\" src=\"https:\/\/www.google.com\/recaptcha\/api\/fallback?k=6LfEos0UAAAAAPWEHlgsMC62tLzCyspsdTnXe5Ir\" frameborder=\"0\" scrolling=\"no\" width=\"310\" height=\"430\">\r\r\n\t\t<\/iframe>\r\r\n\t\t<textarea name=\"g-recaptcha-response\" rows=\"3\" cols=\"40\" placeholder=\"reCaptcha Response Here\">\r\r\n\t\t<\/textarea>\r\r\n\t<\/div>\r\r\n<\/noscript>\r\r\n<\/div>\n<p><input type=\"submit\" value=\"Enviar\" class=\"wpcf7-form-control wpcf7-submit\" \/><\/p>\n<div class=\"wpcf7-response-output wpcf7-display-none\"><\/div><\/form><\/div>[vc_empty_space height=&#8221;100px&#8221;][\/vc_column][vc_column width=&#8221;1\/3&#8243;][\/vc_column][\/vc_row][vc_row css_animation=&#8221;&#8221; row_type=&#8221;row&#8221; use_row_as_full_screen_section=&#8221;no&#8221; type=&#8221;grid&#8221; header_style=&#8221;light&#8221; in_content_menu=&#8221;in_content_menu&#8221; content_menu_icon=&#8221;&#8221; angled_section=&#8221;no&#8221; text_align=&#8221;left&#8221; background_image_as_pattern=&#8221;without_pattern&#8221; row_negative_margin=&#8221;disable_negative_margin&#8221; anchor=&#8221;descarga_normas&#8221; content_menu_title=&#8221;Descarga de Normas&#8221; z_index=&#8221;&#8221;][vc_column width=&#8221;2\/3&#8243;][vc_empty_space height=&#8221;100px&#8221;][vc_separator type=&#8221;normal&#8221; up=&#8221;7&#8243; down=&#8221;38&#8243; color=&#8221;#00a94f&#8221;][vc_column_text]<\/p>\n<h1>Descarga de normas<\/h1>\n<p><strong>Por favor, para acceder a la p\u00e1gina donde podr\u00e1 descargar las normas de certificaci\u00f3n, complete el formulario y presione enviar. Es necesario que complete todas las casillas para tener acceso. Gracias.<\/strong>[\/vc_column_text][vc_separator type=&#8221;small&#8221; position=&#8221;left&#8221; up=&#8221;7&#8243; down=&#8221;38&#8243;]<div role=\"form\" class=\"wpcf7\" id=\"wpcf7-f16987-o2\" lang=\"es-AR\" dir=\"ltr\">\n<div class=\"screen-reader-response\"><\/div>\n<form action=\"\/index.php\/wp-json\/wp\/v2\/pages\/15687#wpcf7-f16987-o2\" method=\"post\" class=\"wpcf7-form cf7_custom_style_1\" novalidate=\"novalidate\">\n<div style=\"display: none;\">\n<input type=\"hidden\" name=\"_wpcf7\" value=\"16987\" \/>\n<input type=\"hidden\" name=\"_wpcf7_version\" value=\"5.1.7\" \/>\n<input type=\"hidden\" name=\"_wpcf7_locale\" value=\"es_AR\" \/>\n<input type=\"hidden\" name=\"_wpcf7_unit_tag\" value=\"wpcf7-f16987-o2\" \/>\n<input type=\"hidden\" name=\"_wpcf7_container_post\" value=\"0\" \/>\n<input type=\"hidden\" name=\"g-recaptcha-response\" value=\"\" \/>\n<\/div>\n<p><label> Certificado de inter\u00e9s<br \/>\n<span class=\"wpcf7-form-control-wrap certificado\"><input type=\"text\" name=\"certificado\" value=\"Sello de Calidad Certificada Tierra del Fuego\" size=\"40\" class=\"wpcf7-form-control wpcf7dtx-dynamictext wpcf7-dynamictext\" id=\"id-certificado\" readonly=\"readonly\" aria-invalid=\"false\" \/><\/span><br \/>\n<\/label><\/p>\n<p><label> Nombre y apellido<br \/>\n    <span class=\"wpcf7-form-control-wrap your-name\"><input type=\"text\" name=\"your-name\" value=\"\" size=\"40\" class=\"wpcf7-form-control wpcf7-text wpcf7-validates-as-required\" aria-required=\"true\" aria-invalid=\"false\" \/><\/span> <\/label><\/p>\n<p><label> Correo electr\u00f3nico<br \/>\n    <span class=\"wpcf7-form-control-wrap your-email\"><input type=\"email\" name=\"your-email\" value=\"\" size=\"40\" class=\"wpcf7-form-control wpcf7-text wpcf7-email wpcf7-validates-as-required wpcf7-validates-as-email\" aria-required=\"true\" aria-invalid=\"false\" \/><\/span> <\/label><\/p>\n<p><label> Tel\u00e9fono<br \/>\n    <span class=\"wpcf7-form-control-wrap telefono\"><input type=\"tel\" name=\"telefono\" value=\"\" size=\"40\" class=\"wpcf7-form-control wpcf7-text wpcf7-tel wpcf7-validates-as-required wpcf7-validates-as-tel\" aria-required=\"true\" aria-invalid=\"false\" \/><\/span> <\/label><\/p>\n<p><label> Actividad<br \/>\n    <span class=\"wpcf7-form-control-wrap actividad\"><input type=\"text\" name=\"actividad\" value=\"\" size=\"40\" class=\"wpcf7-form-control wpcf7-text wpcf7-validates-as-required\" aria-required=\"true\" aria-invalid=\"false\" \/><\/span> <\/label><\/p>\n<p><label> Producto<br \/>\n    <span class=\"wpcf7-form-control-wrap producto\"><input type=\"text\" name=\"producto\" value=\"\" size=\"40\" class=\"wpcf7-form-control wpcf7-text wpcf7-validates-as-required\" aria-required=\"true\" aria-invalid=\"false\" \/><\/span> <\/label><\/p>\n<p><label> Mercado destino<br \/>\n    <span class=\"wpcf7-form-control-wrap mercado\"><input type=\"text\" name=\"mercado\" value=\"\" size=\"40\" class=\"wpcf7-form-control wpcf7-text wpcf7-validates-as-required\" aria-required=\"true\" aria-invalid=\"false\" \/><\/span> <\/label><\/p>\n<p><label> Mensaje<br \/>\n    <span class=\"wpcf7-form-control-wrap your-message\"><textarea name=\"your-message\" cols=\"40\" rows=\"10\" class=\"wpcf7-form-control wpcf7-textarea wpcf7-validates-as-required\" aria-required=\"true\" aria-invalid=\"false\"><\/textarea><\/span> <\/label><\/p>\n<p>\n\n\t\t\t\t\t\t\t<span class=\"wpcf7-form-control-wrap mailpoetsignup-898\">\n\t\t\t<span class=\"wpcf7-form-control wpcf7-mailpoetsignup\">\n\t\t\t\t<label class=\"wpcf7-list-label\">\n\t\t\t\t<input type=\"checkbox\"\n\t\t\t\tname=\"mailpoetsignup-898[]\" value=\"\n\t\t\t\t\t\t\t\t\t\tNewsletter\t\t\t\t\"\n\t\t\t\tid=\"\" class=\"\"\n\t\t\t\t checked='checked'\t\t\t\t\/>Suscribirme al Newsletter\t\t\t\t\t<input type=\"hidden\" name=\"fieldVal\"  value=\"\n\t\t\t\t\t3\t\t\t\t\t\"\n\t\t\t\t<\/label>\n\t\t\t\t<br\/>\n\t\t\t\t<\/span>\n\n\t\t\t\t<\/span>\n\n\t\t\t\t<\/p>\n<div class=\"wpcf7-form-control-wrap\"><div data-sitekey=\"6LfEos0UAAAAAPWEHlgsMC62tLzCyspsdTnXe5Ir\" class=\"wpcf7-form-control g-recaptcha wpcf7-recaptcha\"><\/div>\r\n\r\r\n<noscript>\r\r\n\t<div class=\"grecaptcha-noscript\">\r\r\n\t\t<iframe loading=\"lazy\" src=\"https:\/\/www.google.com\/recaptcha\/api\/fallback?k=6LfEos0UAAAAAPWEHlgsMC62tLzCyspsdTnXe5Ir\" frameborder=\"0\" scrolling=\"no\" width=\"310\" height=\"430\">\r\r\n\t\t<\/iframe>\r\r\n\t\t<textarea name=\"g-recaptcha-response\" rows=\"3\" cols=\"40\" placeholder=\"reCaptcha Response Here\">\r\r\n\t\t<\/textarea>\r\r\n\t<\/div>\r\r\n<\/noscript>\r\r\n<\/div>\n<p><input type=\"submit\" value=\"Enviar\" class=\"wpcf7-form-control wpcf7-submit\" \/><\/p>\n<div class=\"wpcf7-response-output wpcf7-display-none\"><\/div><\/form><\/div>[vc_empty_space height=&#8221;100px&#8221;][\/vc_column][vc_column width=&#8221;1\/3&#8243;][\/vc_column][\/vc_row]<\/p>\n","protected":false},"excerpt":{"rendered":"<p>[vc_row row_type=&#8221;content_menu&#8221; css=&#8221;.vc_custom_1541715947801{margin-top: 0px !important;padding-top: 0px !important;}&#8221; el_id=&#8221;menu&#8221;][vc_column width=&#8221;2\/3&#8243;][\/vc_column][vc_column width=&#8221;1\/3&#8243;][\/vc_column][\/vc_row][vc_row css_animation=&#8221;&#8221; row_type=&#8221;row&#8221; use_row_as_full_screen_section=&#8221;no&#8221; type=&#8221;grid&#8221; header_style=&#8221;light&#8221; in_content_menu=&#8221;in_content_menu&#8221; content_menu_icon=&#8221;&#8221; angled_section=&#8221;no&#8221; text_align=&#8221;left&#8221; background_image_as_pattern=&#8221;without_pattern&#8221; row_negative_margin=&#8221;disable_negative_margin&#8221; anchor=&#8221;caracteristicas&#8221; content_menu_title=&#8221;Caracter\u00edsticas&#8221; z_index=&#8221;&#8221;][vc_column width=&#8221;2\/3&#8243;][vc_column_text] Caracter\u00edsticas [\/vc_column_text][vc_separator type=&#8221;small&#8221; position=&#8221;left&#8221; up=&#8221;7&#8243;&#8230;<\/p>\n","protected":false},"author":1,"featured_media":0,"parent":15542,"menu_order":0,"comment_status":"open","ping_status":"closed","template":"","meta":{"footnotes":""},"class_list":["post-15687","page","type-page","status-publish","hentry"],"_links":{"self":[{"href":"https:\/\/www.oia.com.ar\/wp-json\/wp\/v2\/pages\/15687","targetHints":{"allow":["GET"]}}],"collection":[{"href":"https:\/\/www.oia.com.ar\/wp-json\/wp\/v2\/pages"}],"about":[{"href":"https:\/\/www.oia.com.ar\/wp-json\/wp\/v2\/types\/page"}],"author":[{"embeddable":true,"href":"https:\/\/www.oia.com.ar\/wp-json\/wp\/v2\/users\/1"}],"replies":[{"embeddable":true,"href":"https:\/\/www.oia.com.ar\/wp-json\/wp\/v2\/comments?post=15687"}],"version-history":[{"count":3,"href":"https:\/\/www.oia.com.ar\/wp-json\/wp\/v2\/pages\/15687\/revisions"}],"predecessor-version":[{"id":17285,"href":"https:\/\/www.oia.com.ar\/wp-json\/wp\/v2\/pages\/15687\/revisions\/17285"}],"up":[{"embeddable":true,"href":"https:\/\/www.oia.com.ar\/wp-json\/wp\/v2\/pages\/15542"}],"wp:attachment":[{"href":"https:\/\/www.oia.com.ar\/wp-json\/wp\/v2\/media?parent=15687"}],"curies":[{"name":"wp","href":"https:\/\/api.w.org\/{rel}","templated":true}]}}