{"id":15691,"date":"2019-06-18T19:23:25","date_gmt":"2019-06-18T22:23:25","guid":{"rendered":"https:\/\/www.oia.com.ar\/?page_id=15691"},"modified":"2021-08-31T11:37:22","modified_gmt":"2021-08-31T14:37:22","slug":"textil-organico","status":"publish","type":"page","link":"https:\/\/www.oia.com.ar\/certificaciones\/programas-de-certificacion\/textil-organico\/","title":{"rendered":"Textil Org\u00e1nico"},"content":{"rendered":"<p>[vc_row row_type=&#8221;content_menu&#8221; css=&#8221;.vc_custom_1541715947801{margin-top: 0px !important;padding-top: 0px !important;}&#8221; el_id=&#8221;menu&#8221;][vc_column width=&#8221;2\/3&#8243;][\/vc_column][vc_column width=&#8221;1\/3&#8243;][\/vc_column][\/vc_row][vc_row css_animation=&#8221;&#8221; row_type=&#8221;row&#8221; use_row_as_full_screen_section=&#8221;no&#8221; type=&#8221;grid&#8221; header_style=&#8221;light&#8221; in_content_menu=&#8221;in_content_menu&#8221; content_menu_icon=&#8221;&#8221; angled_section=&#8221;no&#8221; text_align=&#8221;left&#8221; background_image_as_pattern=&#8221;without_pattern&#8221; row_negative_margin=&#8221;disable_negative_margin&#8221; anchor=&#8221;caracteristicas&#8221; content_menu_title=&#8221;Caracter\u00edsticas&#8221; z_index=&#8221;&#8221;][vc_column width=&#8221;2\/3&#8243;][vc_column_text]<\/p>\n<h1>Caracter\u00edsticas<\/h1>\n<p>[\/vc_column_text][vc_separator type=&#8221;small&#8221; position=&#8221;left&#8221; up=&#8221;7&#8243; down=&#8221;38&#8243;][vc_column_text]<\/p>\n<h5>OIA ofrece el servicio de certificaci\u00f3n a los actores involucrados en las distintas etapas del procesamiento y comercializaci\u00f3n de fibra textil org\u00e1nica, de acuerdo con las normas nacionales e internacionales.<\/h5>\n<p>Entre ellas podemos mencionar:<\/p>\n<ul>\n<li>Norma Org\u00e1nica Argentina.<\/li>\n<li>Norma Org\u00e1nica de EE.UU \u2013 National Organic Program (NOP).<\/li>\n<li>Global Organic Textile Standard (GOTS)<\/li>\n<li>IVN BEST (Naturtextil IVN Certified BEST)<\/li>\n<\/ul>\n<h5>Norma Argentina<\/h5>\n<p>OIA ha colaborado desde su inicio en el desarrollo de una norma textil oficial, trabajando conjuntamente con organismos gubernamentales, productores y empresarios industriales. Como resultado de este trabajo se ha obtenido la primera norma textil oficial con reconocimiento internacional.<\/p>\n<p>Este programa certifica la producci\u00f3n primaria de fibras naturales de origen vegetal o animal, verificando el proceso textil y el rotulado de prendas elaboradas con fibras org\u00e1nicas (algod\u00f3n, lino, lana, etc.)<\/p>\n<p>El alcance de esta norma es hasta el lavado y peinado de la fibra.<\/p>\n<h5>National Organic Program (NOP)<\/h5>\n<p>Este programa certifica la producci\u00f3n primaria y la comercializaci\u00f3n de fibras naturales de origen vegetal o animal, el proceso textil de fibras org\u00e1nicas (algod\u00f3n, lino, lana, etc.), de acuerdo a los est\u00e1ndares org\u00e1nicos de Estados Unidos (National Organic Program).<\/p>\n<h5>Global Organic Textile Standard (GOTS)<\/h5>\n<p>Es un est\u00e1ndar org\u00e1nico internacional\u00a0 para el procesamiento de fibras org\u00e1nicas y productos textiles hechos con fibras org\u00e1nicas. Define requisitos de alto nivel a lo largo de toda la cadena de suministro, desde el procesamiento de la fibra, el etiquetado hasta la comercializaci\u00f3n, con un enfoque ambiental y socialmente responsable.<\/p>\n<p>El crecimiento del consumo de fibras org\u00e1nicas y la notable demanda de criterios de procesos unificados del sector industrial y minorista, impulsaron a organismos internacionales de normalizaci\u00f3n a desarrollar la certificaci\u00f3n GOTS como una garant\u00eda confiable para los consumidores.<\/p>\n<p>OIA se encuentra acreditada para la inspecci\u00f3n y certificaci\u00f3n de procesadores, confeccionistas, fabricantes y comercializadores de la industria textil.<\/p>\n<p>Alcances de la certificaci\u00f3n OIA-GOTS:<\/p>\n<ul>\n<li>Certificaci\u00f3n de procesos mec\u00e1nico textiles (peinado, cardado, hilado, otros).<\/li>\n<li>Certificaci\u00f3n de procesamientos h\u00famedos (lavado, te\u00f1ido, otros) y acabado de prendas.<\/li>\n<li>Certificaci\u00f3n de operaciones comerciales.<\/li>\n<\/ul>\n<p>Hace\u00a0<a href=\"http:\/\/www.global-standard.org\/es\/information-centre\/gotsfilm.html#spanish\">click aqu\u00ed<\/a>\u00a0para ver el video documental de GOTS.<\/p>\n<h5>IVN BEST (Naturtextil IVN Certified BEST)<\/h5>\n<p>Es una norma que define actualmente el nivel m\u00e1s alto de sostenibilidad de los textiles aplicando los par\u00e1metros m\u00e1ximos alcanzables a la producci\u00f3n y al producto.<\/p>\n<p>Desde 2000, BEST incorpora las directrices para los textiles sustentables sobre la base de definiciones de ecolog\u00eda y responsabilidad social formuladas por Internationalen Verband der Naturtextilwirtschaft e. V. (IVN), aplicado a toda la cadena de producci\u00f3n textil. Incluye normas sociales basada en los par\u00e1metros formulados por la <a href=\"http:\/\/www.ilo.org\/global\/lang--es\/index.htm\">Organizaci\u00f3n Internacional del Trabajo<\/a> (OIT).[\/vc_column_text][\/vc_column][vc_column width=&#8221;1\/3&#8243;][vc_column_text]<\/p>\n<h4>Acreditaciones<\/h4>\n<p>[vc_separator type=&#8217;normal&#8217; position=&#8217;left&#8217; color=&#8217;#149e19&#8242; thickness=&#8217;1&#8242; up=&#8217;10&#8217; down=&#8217;45&#8217;][\/vc_column_text][vc_row_inner row_type=&#8221;row&#8221; type=&#8221;full_width&#8221; text_align=&#8221;left&#8221; css_animation=&#8221;&#8221;][vc_column_inner width=&#8221;1\/2&#8243;][vc_single_image image=&#8221;15951&#8243; img_size=&#8221;full&#8221; qode_css_animation=&#8221;&#8221;][\/vc_column_inner][vc_column_inner width=&#8221;1\/2&#8243;][\/vc_column_inner][\/vc_row_inner][\/vc_column][\/vc_row][vc_row css_animation=&#8221;&#8221; row_type=&#8221;row&#8221; use_row_as_full_screen_section=&#8221;no&#8221; type=&#8221;grid&#8221; header_style=&#8221;light&#8221; in_content_menu=&#8221;in_content_menu&#8221; content_menu_icon=&#8221;&#8221; angled_section=&#8221;no&#8221; text_align=&#8221;left&#8221; background_image_as_pattern=&#8221;without_pattern&#8221; row_negative_margin=&#8221;disable_negative_margin&#8221; anchor=&#8221;form_online&#8221; content_menu_title=&#8221;Consultas&#8221; z_index=&#8221;&#8221;][vc_column width=&#8221;2\/3&#8243;][vc_empty_space height=&#8221;100px&#8221;][vc_column_text]<\/p>\n<h1>Consultas<\/h1>\n<p>[\/vc_column_text][vc_separator type=&#8221;small&#8221; position=&#8221;left&#8221; up=&#8221;7&#8243; down=&#8221;38&#8243;]\n<div class=\"wpcf7 no-js\" id=\"wpcf7-f5-o1\" lang=\"es-AR\" dir=\"ltr\" data-wpcf7-id=\"5\">\n<div class=\"screen-reader-response\"><p role=\"status\" aria-live=\"polite\" aria-atomic=\"true\"><\/p> <ul><\/ul><\/div>\n<form action=\"\/index.php\/wp-json\/wp\/v2\/pages\/15691#wpcf7-f5-o1\" method=\"post\" class=\"wpcf7-form init default\" aria-label=\"Formulario de contacto\" novalidate=\"novalidate\" data-status=\"init\">\n<fieldset class=\"hidden-fields-container\"><input type=\"hidden\" name=\"_wpcf7\" value=\"5\" \/><input type=\"hidden\" name=\"_wpcf7_version\" value=\"6.1.5\" \/><input type=\"hidden\" name=\"_wpcf7_locale\" value=\"es_AR\" \/><input type=\"hidden\" name=\"_wpcf7_unit_tag\" value=\"wpcf7-f5-o1\" \/><input type=\"hidden\" name=\"_wpcf7_container_post\" value=\"0\" \/><input type=\"hidden\" name=\"_wpcf7_posted_data_hash\" value=\"\" \/><input type=\"hidden\" name=\"_wpcf7dtx_version\" value=\"5.0.5\" \/><input type=\"hidden\" name=\"_wpcf7_recaptcha_response\" value=\"\" \/>\n<\/fieldset>\n<p><label> Certificado de inter\u00e9s<br \/>\n<span class=\"wpcf7-form-control-wrap certificado\" data-name=\"certificado\"><input type=\"text\" name=\"certificado\" class=\"wpcf7-form-control wpcf7-text wpcf7dtx wpcf7dtx-text\" aria-invalid=\"false\" readonly=\"readonly\" value=\"Textil Org\u00e1nico\"><\/span><br \/>\n<\/label>\n<\/p>\n<p><label> Nombre y apellido<br \/>\n<span class=\"wpcf7-form-control-wrap\" data-name=\"your-name\"><input size=\"40\" maxlength=\"400\" class=\"wpcf7-form-control wpcf7-text wpcf7-validates-as-required\" aria-required=\"true\" aria-invalid=\"false\" value=\"\" type=\"text\" name=\"your-name\" \/><\/span> <\/label>\n<\/p>\n<p><label> Correo electr\u00f3nico<br \/>\n<span class=\"wpcf7-form-control-wrap\" data-name=\"your-email\"><input size=\"40\" maxlength=\"400\" class=\"wpcf7-form-control wpcf7-email wpcf7-validates-as-required wpcf7-text wpcf7-validates-as-email\" aria-required=\"true\" aria-invalid=\"false\" value=\"\" type=\"email\" name=\"your-email\" \/><\/span> <\/label>\n<\/p>\n<p><label> Tel\u00e9fono<br \/>\n<span class=\"wpcf7-form-control-wrap\" data-name=\"telefono\"><input size=\"40\" maxlength=\"400\" class=\"wpcf7-form-control wpcf7-tel wpcf7-validates-as-required wpcf7-text wpcf7-validates-as-tel\" aria-required=\"true\" aria-invalid=\"false\" value=\"\" type=\"tel\" name=\"telefono\" \/><\/span> <\/label>\n<\/p>\n<p><label> Actividad<br \/>\n<span class=\"wpcf7-form-control-wrap\" data-name=\"actividad\"><input size=\"40\" maxlength=\"400\" class=\"wpcf7-form-control wpcf7-text wpcf7-validates-as-required\" aria-required=\"true\" aria-invalid=\"false\" value=\"\" type=\"text\" name=\"actividad\" \/><\/span> <\/label>\n<\/p>\n<p><label> Producto<br \/>\n<span class=\"wpcf7-form-control-wrap\" data-name=\"producto\"><input size=\"40\" maxlength=\"400\" class=\"wpcf7-form-control wpcf7-text wpcf7-validates-as-required\" aria-required=\"true\" aria-invalid=\"false\" value=\"\" type=\"text\" name=\"producto\" \/><\/span> <\/label>\n<\/p>\n<p><label> Mercado destino<br \/>\n<span class=\"wpcf7-form-control-wrap\" data-name=\"mercado\"><input size=\"40\" maxlength=\"400\" class=\"wpcf7-form-control wpcf7-text wpcf7-validates-as-required\" aria-required=\"true\" aria-invalid=\"false\" value=\"\" type=\"text\" name=\"mercado\" \/><\/span> <\/label>\n<\/p>\n<p><label> Mensaje<br \/>\n<span class=\"wpcf7-form-control-wrap\" data-name=\"your-message\"><textarea cols=\"40\" rows=\"10\" maxlength=\"2000\" class=\"wpcf7-form-control wpcf7-textarea wpcf7-validates-as-required\" aria-required=\"true\" aria-invalid=\"false\" name=\"your-message\"><\/textarea><\/span> <\/label>\n<\/p>\n<p>\n\n\t\t\t\t\t\t\t<span class=\"wpcf7-form-control-wrap mailpoetsignup-898\">\n\t\t\t<span class=\"wpcf7-form-control wpcf7-mailpoetsignup\">\n\t\t\t\t<label class=\"wpcf7-list-label\">\n\t\t\t\t<input type=\"checkbox\"\n\t\t\t\tname=\"mailpoetsignup-898[]\" value=\"\n\t\t\t\t\t\t\t\t\t\tNewsletter\t\t\t\t\"\n\t\t\t\tid=\"\" class=\"\"\n\t\t\t\t checked='checked'\t\t\t\t\/>Suscribirme al Newsletter\t\t\t\t\t<input type=\"hidden\" name=\"fieldVal\"  value=\"\n\t\t\t\t\t3\t\t\t\t\t\"\n\t\t\t\t<\/label>\n\t\t\t\t<br\/>\n\t\t\t\t<\/span>\n\n\t\t\t\t<\/span>\n\n\t\t\t\t\n<\/p>\n<span class=\"wpcf7-form-control-wrap recaptcha\" data-name=\"recaptcha\"><span data-sitekey=\"6LfEos0UAAAAAPWEHlgsMC62tLzCyspsdTnXe5Ir\" class=\"wpcf7-form-control wpcf7-recaptcha g-recaptcha\"><\/span>\n<noscript>\n\t<div class=\"grecaptcha-noscript\">\n\t\t<iframe loading=\"lazy\" src=\"https:\/\/www.google.com\/recaptcha\/api\/fallback?k=6LfEos0UAAAAAPWEHlgsMC62tLzCyspsdTnXe5Ir\" frameborder=\"0\" scrolling=\"no\" width=\"310\" height=\"430\">\n\t\t<\/iframe>\n\t\t<textarea name=\"g-recaptcha-response\" rows=\"3\" cols=\"40\" placeholder=\"reCaptcha Response Here\">\n\t\t<\/textarea>\n\t<\/div>\n<\/noscript>\n<\/span>\n<p><input class=\"wpcf7-form-control wpcf7-submit has-spinner\" type=\"submit\" value=\"Enviar\" \/>\n<\/p><div class=\"wpcf7-response-output\" aria-hidden=\"true\"><\/div>\n<\/form>\n<\/div>\n[\/vc_column][vc_column width=&#8221;1\/3&#8243;][\/vc_column][\/vc_row][vc_row css_animation=&#8221;&#8221; row_type=&#8221;row&#8221; use_row_as_full_screen_section=&#8221;no&#8221; type=&#8221;grid&#8221; header_style=&#8221;light&#8221; in_content_menu=&#8221;in_content_menu&#8221; content_menu_icon=&#8221;&#8221; angled_section=&#8221;no&#8221; text_align=&#8221;left&#8221; background_image_as_pattern=&#8221;without_pattern&#8221; row_negative_margin=&#8221;disable_negative_margin&#8221; anchor=&#8221;descarga_normas&#8221; content_menu_title=&#8221;Descarga de Normas&#8221; z_index=&#8221;&#8221;][vc_column width=&#8221;2\/3&#8243;][vc_empty_space height=&#8221;100px&#8221;][vc_separator type=&#8221;normal&#8221; up=&#8221;7&#8243; down=&#8221;38&#8243; color=&#8221;#00a94f&#8221;][vc_column_text]<\/p>\n<h1>Descarga de normas<\/h1>\n<p><strong>Por favor, para acceder a la p\u00e1gina donde podr\u00e1 descargar las normas de certificaci\u00f3n, complete el formulario y presione enviar. Es necesario que complete todas las casillas para tener acceso. Gracias.<\/strong>[\/vc_column_text][vc_separator type=&#8221;small&#8221; position=&#8221;left&#8221; up=&#8221;7&#8243; down=&#8221;38&#8243;]\n<div class=\"wpcf7 no-js\" id=\"wpcf7-f16987-o2\" lang=\"es-AR\" dir=\"ltr\" data-wpcf7-id=\"16987\">\n<div class=\"screen-reader-response\"><p role=\"status\" aria-live=\"polite\" aria-atomic=\"true\"><\/p> <ul><\/ul><\/div>\n<form action=\"\/index.php\/wp-json\/wp\/v2\/pages\/15691#wpcf7-f16987-o2\" method=\"post\" class=\"wpcf7-form init cf7_custom_style_1\" aria-label=\"Formulario de contacto\" novalidate=\"novalidate\" data-status=\"init\">\n<fieldset class=\"hidden-fields-container\"><input type=\"hidden\" name=\"_wpcf7\" value=\"16987\" \/><input type=\"hidden\" name=\"_wpcf7_version\" value=\"6.1.5\" \/><input type=\"hidden\" name=\"_wpcf7_locale\" value=\"es_AR\" \/><input type=\"hidden\" name=\"_wpcf7_unit_tag\" value=\"wpcf7-f16987-o2\" \/><input type=\"hidden\" name=\"_wpcf7_container_post\" value=\"0\" \/><input type=\"hidden\" name=\"_wpcf7_posted_data_hash\" value=\"\" \/><input type=\"hidden\" name=\"_wpcf7dtx_version\" value=\"5.0.5\" \/><input type=\"hidden\" name=\"_wpcf7_recaptcha_response\" value=\"\" \/>\n<\/fieldset>\n<p><label> Certificado de inter\u00e9s<br \/>\n<span class=\"wpcf7-form-control-wrap certificado\" data-name=\"certificado\"><input type=\"text\" name=\"certificado\" id=\"id-certificado\" class=\"wpcf7-form-control wpcf7-text wpcf7dtx wpcf7dtx-text\" aria-invalid=\"false\" readonly=\"readonly\" value=\"Textil Org\u00e1nico\"><\/span><br \/>\n<\/label>\n<\/p>\n<p><label> Nombre y apellido<br \/>\n<span class=\"wpcf7-form-control-wrap\" data-name=\"your-name\"><input size=\"40\" maxlength=\"400\" class=\"wpcf7-form-control wpcf7-text wpcf7-validates-as-required\" aria-required=\"true\" aria-invalid=\"false\" value=\"\" type=\"text\" name=\"your-name\" \/><\/span> <\/label>\n<\/p>\n<p><label> Correo electr\u00f3nico<br \/>\n<span class=\"wpcf7-form-control-wrap\" data-name=\"your-email\"><input size=\"40\" maxlength=\"400\" class=\"wpcf7-form-control wpcf7-email wpcf7-validates-as-required wpcf7-text wpcf7-validates-as-email\" aria-required=\"true\" aria-invalid=\"false\" value=\"\" type=\"email\" name=\"your-email\" \/><\/span> <\/label>\n<\/p>\n<p><label> Tel\u00e9fono<br \/>\n<span class=\"wpcf7-form-control-wrap\" data-name=\"telefono\"><input size=\"40\" maxlength=\"400\" class=\"wpcf7-form-control wpcf7-tel wpcf7-validates-as-required wpcf7-text wpcf7-validates-as-tel\" aria-required=\"true\" aria-invalid=\"false\" value=\"\" type=\"tel\" name=\"telefono\" \/><\/span> <\/label>\n<\/p>\n<p><label> Actividad<br \/>\n<span class=\"wpcf7-form-control-wrap\" data-name=\"actividad\"><input size=\"40\" maxlength=\"400\" class=\"wpcf7-form-control wpcf7-text wpcf7-validates-as-required\" aria-required=\"true\" aria-invalid=\"false\" value=\"\" type=\"text\" name=\"actividad\" \/><\/span> <\/label>\n<\/p>\n<p><label> Producto<br \/>\n<span class=\"wpcf7-form-control-wrap\" data-name=\"producto\"><input size=\"40\" maxlength=\"400\" class=\"wpcf7-form-control wpcf7-text wpcf7-validates-as-required\" aria-required=\"true\" aria-invalid=\"false\" value=\"\" type=\"text\" name=\"producto\" \/><\/span> <\/label>\n<\/p>\n<p><label> Mercado destino<br \/>\n<span class=\"wpcf7-form-control-wrap\" data-name=\"mercado\"><input size=\"40\" maxlength=\"400\" class=\"wpcf7-form-control wpcf7-text wpcf7-validates-as-required\" aria-required=\"true\" aria-invalid=\"false\" value=\"\" type=\"text\" name=\"mercado\" \/><\/span> <\/label>\n<\/p>\n<p><label> Mensaje<br \/>\n<span class=\"wpcf7-form-control-wrap\" data-name=\"your-message\"><textarea cols=\"40\" rows=\"10\" maxlength=\"2000\" class=\"wpcf7-form-control wpcf7-textarea wpcf7-validates-as-required\" aria-required=\"true\" aria-invalid=\"false\" name=\"your-message\"><\/textarea><\/span> <\/label>\n<\/p>\n<p>\n\n\t\t\t\t\t\t\t<span class=\"wpcf7-form-control-wrap mailpoetsignup-898\">\n\t\t\t<span class=\"wpcf7-form-control wpcf7-mailpoetsignup\">\n\t\t\t\t<label class=\"wpcf7-list-label\">\n\t\t\t\t<input type=\"checkbox\"\n\t\t\t\tname=\"mailpoetsignup-898[]\" value=\"\n\t\t\t\t\t\t\t\t\t\tNewsletter\t\t\t\t\"\n\t\t\t\tid=\"\" class=\"\"\n\t\t\t\t checked='checked'\t\t\t\t\/>Suscribirme al Newsletter\t\t\t\t\t<input type=\"hidden\" name=\"fieldVal\"  value=\"\n\t\t\t\t\t3\t\t\t\t\t\"\n\t\t\t\t<\/label>\n\t\t\t\t<br\/>\n\t\t\t\t<\/span>\n\n\t\t\t\t<\/span>\n\n\t\t\t\t\n<\/p>\n<span class=\"wpcf7-form-control-wrap recaptcha\" data-name=\"recaptcha\"><span data-sitekey=\"6LfEos0UAAAAAPWEHlgsMC62tLzCyspsdTnXe5Ir\" class=\"wpcf7-form-control wpcf7-recaptcha g-recaptcha\"><\/span>\n<noscript>\n\t<div class=\"grecaptcha-noscript\">\n\t\t<iframe loading=\"lazy\" src=\"https:\/\/www.google.com\/recaptcha\/api\/fallback?k=6LfEos0UAAAAAPWEHlgsMC62tLzCyspsdTnXe5Ir\" frameborder=\"0\" scrolling=\"no\" width=\"310\" height=\"430\">\n\t\t<\/iframe>\n\t\t<textarea name=\"g-recaptcha-response\" rows=\"3\" cols=\"40\" placeholder=\"reCaptcha Response Here\">\n\t\t<\/textarea>\n\t<\/div>\n<\/noscript>\n<\/span>\n<p><input class=\"wpcf7-form-control wpcf7-submit has-spinner\" type=\"submit\" value=\"Enviar\" \/>\n<\/p><div class=\"wpcf7-response-output\" aria-hidden=\"true\"><\/div>\n<\/form>\n<\/div>\n[vc_empty_space height=&#8221;100px&#8221;][\/vc_column][vc_column width=&#8221;1\/3&#8243;][\/vc_column][\/vc_row]<\/p>\n","protected":false},"excerpt":{"rendered":"<p>[vc_row row_type=&#8221;content_menu&#8221; css=&#8221;.vc_custom_1541715947801{margin-top: 0px !important;padding-top: 0px !important;}&#8221; el_id=&#8221;menu&#8221;][vc_column width=&#8221;2\/3&#8243;][\/vc_column][vc_column width=&#8221;1\/3&#8243;][\/vc_column][\/vc_row][vc_row css_animation=&#8221;&#8221; row_type=&#8221;row&#8221; use_row_as_full_screen_section=&#8221;no&#8221; type=&#8221;grid&#8221; header_style=&#8221;light&#8221; in_content_menu=&#8221;in_content_menu&#8221; content_menu_icon=&#8221;&#8221; angled_section=&#8221;no&#8221; text_align=&#8221;left&#8221; background_image_as_pattern=&#8221;without_pattern&#8221; row_negative_margin=&#8221;disable_negative_margin&#8221; anchor=&#8221;caracteristicas&#8221; content_menu_title=&#8221;Caracter\u00edsticas&#8221; z_index=&#8221;&#8221;][vc_column width=&#8221;2\/3&#8243;][vc_column_text] Caracter\u00edsticas [\/vc_column_text][vc_separator type=&#8221;small&#8221; position=&#8221;left&#8221; up=&#8221;7&#8243;&#8230;<\/p>\n","protected":false},"author":1,"featured_media":0,"parent":15542,"menu_order":0,"comment_status":"open","ping_status":"closed","template":"","meta":{"footnotes":""},"class_list":["post-15691","page","type-page","status-publish","hentry"],"_links":{"self":[{"href":"https:\/\/www.oia.com.ar\/wp-json\/wp\/v2\/pages\/15691","targetHints":{"allow":["GET"]}}],"collection":[{"href":"https:\/\/www.oia.com.ar\/wp-json\/wp\/v2\/pages"}],"about":[{"href":"https:\/\/www.oia.com.ar\/wp-json\/wp\/v2\/types\/page"}],"author":[{"embeddable":true,"href":"https:\/\/www.oia.com.ar\/wp-json\/wp\/v2\/users\/1"}],"replies":[{"embeddable":true,"href":"https:\/\/www.oia.com.ar\/wp-json\/wp\/v2\/comments?post=15691"}],"version-history":[{"count":5,"href":"https:\/\/www.oia.com.ar\/wp-json\/wp\/v2\/pages\/15691\/revisions"}],"predecessor-version":[{"id":19767,"href":"https:\/\/www.oia.com.ar\/wp-json\/wp\/v2\/pages\/15691\/revisions\/19767"}],"up":[{"embeddable":true,"href":"https:\/\/www.oia.com.ar\/wp-json\/wp\/v2\/pages\/15542"}],"wp:attachment":[{"href":"https:\/\/www.oia.com.ar\/wp-json\/wp\/v2\/media?parent=15691"}],"curies":[{"name":"wp","href":"https:\/\/api.w.org\/{rel}","templated":true}]}}