{"id":15763,"date":"2019-06-19T14:10:02","date_gmt":"2019-06-19T17:10:02","guid":{"rendered":"https:\/\/www.oia.com.ar\/?page_id=15763"},"modified":"2026-01-09T09:51:13","modified_gmt":"2026-01-09T12:51:13","slug":"acreditaciones","status":"publish","type":"page","link":"https:\/\/www.oia.com.ar\/empresa\/acreditaciones\/","title":{"rendered":"Acreditaciones y Habilitaciones"},"content":{"rendered":"<p>[vc_row css_animation=&#8221;&#8221; row_type=&#8221;row&#8221; use_row_as_full_screen_section=&#8221;no&#8221; type=&#8221;grid&#8221; angled_section=&#8221;no&#8221; text_align=&#8221;left&#8221; background_image_as_pattern=&#8221;without_pattern&#8221; padding_top=&#8221;20&#8243; padding_bottom=&#8221;100&#8243; z_index=&#8221;&#8221;][vc_column width=&#8221;5\/6&#8243;][vc_row_inner row_type=&#8221;row&#8221; type=&#8221;full_width&#8221; text_align=&#8221;left&#8221; css_animation=&#8221;&#8221;][vc_column_inner width=&#8221;1\/3&#8243;][vc_column_text]<\/p>\n<h3>Organismo de acreditaci\u00f3n \/ habilitaci\u00f3n<\/h3>\n<p>[\/vc_column_text][vc_separator type=&#8221;small&#8221; position=&#8221;left&#8221; up=&#8221;7&#8243; down=&#8221;38&#8243;][vc_single_image image=&#8221;22433&#8243; img_size=&#8221;full&#8221; qode_css_animation=&#8221;&#8221;][\/vc_column_inner][vc_column_inner width=&#8221;2\/3&#8243;][vc_column_text]<\/p>\n<h3>Acreditaciones y Habilitaciones<\/h3>\n<p>[\/vc_column_text][vc_separator type=&#8221;small&#8221; position=&#8221;left&#8221; up=&#8221;7&#8243; down=&#8221;38&#8243;][vc_column_text]<\/p>\n<h5>Organismo Argentino de Acreditaci\u00f3n (OAA)<\/h5>\n<p class=\"cuerpo\">Acreditada por OAA como Organismo de Certificaci\u00f3n de Productos bajo el N\u00b0 OCP 020 en el cumplimiento con los requerimientos de la Norma ISO\/IEC 17065:2012.<\/p>\n<p>[\/vc_column_text][\/vc_column_inner][\/vc_row_inner][vc_row_inner row_type=&#8221;row&#8221; type=&#8221;full_width&#8221; text_align=&#8221;left&#8221; css_animation=&#8221;&#8221;][vc_column_inner width=&#8221;1\/3&#8243;][vc_separator type=&#8221;transparent&#8221; up=&#8221;7&#8243; down=&#8221;38&#8243;][vc_single_image image=&#8221;15780&#8243; img_size=&#8221;full&#8221; qode_css_animation=&#8221;&#8221;][\/vc_column_inner][vc_column_inner width=&#8221;2\/3&#8243;][vc_separator type=&#8221;transparent&#8221; up=&#8221;7&#8243; down=&#8221;38&#8243;][vc_column_text]<\/p>\n<h5>GLOBALG.A.P. &#8211; The Global Partnership for Good Agricultural Practice<\/h5>\n<p class=\"cuerpo\">Acreditada por OAA para la certificaci\u00f3n de las Normas GLOBALG.A.P., las cuales controla el cumplimiento del Programa de Buenas Pr\u00e1cticas Agr\u00edcolas (Good Agricultural Practice, G.A.P.) de: frutas y hortalizas, y cultivos a granel. OIA se encuentra monitoreada por GLOBALG.A.P. Certification Integrity Programme (CIPRO).<\/p>\n<p>[\/vc_column_text][\/vc_column_inner][\/vc_row_inner][vc_row_inner row_type=&#8221;row&#8221; type=&#8221;full_width&#8221; text_align=&#8221;left&#8221; css_animation=&#8221;&#8221;][vc_column_inner width=&#8221;1\/3&#8243;][vc_separator type=&#8221;transparent&#8221; up=&#8221;7&#8243; down=&#8221;38&#8243;][vc_single_image image=&#8221;22831&#8243; img_size=&#8221;full&#8221; qode_css_animation=&#8221;&#8221;][\/vc_column_inner][vc_column_inner width=&#8221;2\/3&#8243;][vc_separator type=&#8221;transparent&#8221; up=&#8221;7&#8243; down=&#8221;38&#8243;][vc_column_text]<\/p>\n<h5>Secretar\u00eda de Agricultura, Ganader\u00eda y Pesca de la Rep\u00fablica Argentina<\/h5>\n<p class=\"cuerpo\">Servicio Nacional de Sanidad y Calidad Agroalimentaria (Senasa) de la Rep\u00fablica Argentina<\/p>\n<p><strong>&#8211; Constatada por Senasa<\/strong> en el cumplimiento de los requisitos establecidos por la Norma ISO\/IEC 17065:2012 &#8211; EN 45.011, sobre criterios generales relativos a los organismos que realizan certificaci\u00f3n de productos bajo normas controladas por Senasa.<\/p>\n<p><strong>&#8211; Habilitada por Senasa<\/strong> para la certificaci\u00f3n de productos org\u00e1nicos de origen animal en la Rep\u00fablica Argentina, en el Registro Nacional de Entidades Certificadoras de Productos Ecol\u00f3gicos de Origen Animal bajo el N\u00b0 001, mediante Nota 15\/94-GAPAF.<\/p>\n<p><strong>&#8211; Habilitada por Senasa<\/strong> para la certificaci\u00f3n de productos org\u00e1nicos de origen vegetal en la Rep\u00fablica Argentina, en el Registro Nacional de Empresas Certificadoras de Productos Org\u00e1nicos de Origen Vegetal bajo el N\u00b0 098, mediante Resoluci\u00f3n Senasa 274\/93.<\/p>\n<p><strong>&#8211; Habilitada por Senasa<\/strong> para la certificaci\u00f3n de Identidad Preservada \u2013 No OGM, en el Registro Nacional de Entidades Certificadoras de Identidad Preservada bajo el N\u00b0 001, mediante Resoluci\u00f3n Senasa 61\/2000.<\/p>\n<p><strong>&#8211; Habilitada por Senasa<\/strong> para la certificaci\u00f3n de Atributos de Calidad en Alimentos bajo la Resoluci\u00f3n Senasa N\u00b0 280\/2001, en el Registro Nacional de Entidades Certificadoras de Calidad en Alimentos bajo el N\u00b0 001, mediante Resoluci\u00f3n Senasa 148\/02.[\/vc_column_text][\/vc_column_inner][\/vc_row_inner][vc_row_inner row_type=&#8221;row&#8221; type=&#8221;full_width&#8221; text_align=&#8221;left&#8221; css_animation=&#8221;&#8221;][vc_column_inner width=&#8221;1\/3&#8243;][vc_separator type=&#8221;transparent&#8221; up=&#8221;7&#8243; down=&#8221;38&#8243;][vc_single_image image=&#8221;15788&#8243; img_size=&#8221;full&#8221; qode_css_animation=&#8221;&#8221;][\/vc_column_inner][vc_column_inner width=&#8221;2\/3&#8243;][vc_separator type=&#8221;transparent&#8221; up=&#8221;7&#8243; down=&#8221;38&#8243;][vc_column_text]<\/p>\n<h5>&#8216;Alimentos Argentinos, una Elecci\u00f3n Natural&#8217;<\/h5>\n<p class=\"cuerpo\"><strong>&#8211; Habilitada por MinAgri<\/strong> para auditar el Sello \u201cAlimentos Argentinos, una Elecci\u00f3n Natural\u201d, al estar habilitada por Senasa para la certificaci\u00f3n de Atributos de Calidad en Alimentos bajo la Resoluci\u00f3n Senasa N\u00b0 280\/2001, en el Registro Nacional de Entidades Certificadoras de Calidad en Alimentos bajo el N\u00b0 001.<\/p>\n<p>[\/vc_column_text][\/vc_column_inner][\/vc_row_inner][vc_row_inner row_type=&#8221;row&#8221; type=&#8221;full_width&#8221; text_align=&#8221;left&#8221; css_animation=&#8221;&#8221;][vc_column_inner width=&#8221;1\/3&#8243;][vc_separator type=&#8221;transparent&#8221; up=&#8221;7&#8243; down=&#8221;38&#8243;][vc_single_image image=&#8221;15790&#8243; img_size=&#8221;full&#8221; qode_css_animation=&#8221;&#8221;][\/vc_column_inner][vc_column_inner width=&#8221;2\/3&#8243;][vc_separator type=&#8221;transparent&#8221; up=&#8221;7&#8243; down=&#8221;38&#8243;][vc_column_text]<\/p>\n<h5>Uni\u00f3n Europea<\/h5>\n<p class=\"cuerpo\"><strong>&#8211; Habilitada por Senasa y reconocida por la Uni\u00f3n Europea<\/strong>, en cumplimiento con el Reglamento 834\/2007 (ex 2092\/91) de la Comisi\u00f3n Europea para la agricultura org\u00e1nica; por la cual se reconoce a la Rep\u00fablica Argentina como tercer pa\u00eds para la certificaci\u00f3n de productos org\u00e1nicos con destino a la Uni\u00f3n Europea a partir de la homologaci\u00f3n de ambas normativas org\u00e1nicas.<\/p>\n<p>[\/vc_column_text][\/vc_column_inner][\/vc_row_inner][vc_row_inner row_type=&#8221;row&#8221; type=&#8221;full_width&#8221; text_align=&#8221;left&#8221; css_animation=&#8221;&#8221;][vc_column_inner width=&#8221;1\/3&#8243;][vc_separator type=&#8221;transparent&#8221; up=&#8221;7&#8243; down=&#8221;38&#8243;][vc_single_image image=&#8221;15792&#8243; img_size=&#8221;full&#8221; qode_css_animation=&#8221;&#8221;][\/vc_column_inner][vc_column_inner width=&#8221;2\/3&#8243;][vc_separator type=&#8221;transparent&#8221; up=&#8221;7&#8243; down=&#8221;38&#8243;][vc_column_text]<\/p>\n<h5>Japanese Agricultural Standard<\/h5>\n<p class=\"cuerpo\">&#8211; Habilitada por MinAgri para la certificaci\u00f3n de productos org\u00e1nicos con destino a Jap\u00f3n, de acuerdo a las equivalencias establecidas en normativa org\u00e1nica entre Senasa y MAFF (Ministerio de Agricultura, Forestaci\u00f3n y Pesca del Jap\u00f3n) en relaci\u00f3n al <strong>Japanese Agricultural Standard (JAS).<\/strong><\/p>\n<p>[\/vc_column_text][\/vc_column_inner][\/vc_row_inner][vc_row_inner row_type=&#8221;row&#8221; type=&#8221;full_width&#8221; text_align=&#8221;left&#8221; css_animation=&#8221;&#8221;][vc_column_inner width=&#8221;1\/3&#8243;][vc_separator type=&#8221;transparent&#8221; up=&#8221;7&#8243; down=&#8221;38&#8243;][vc_single_image image=&#8221;24450&#8243; img_size=&#8221;full&#8221; qode_css_animation=&#8221;&#8221;][\/vc_column_inner][vc_column_inner width=&#8221;2\/3&#8243;][vc_separator type=&#8221;transparent&#8221; up=&#8221;7&#8243; down=&#8221;38&#8243;][vc_column_text]<\/p>\n<h5>IOAS<\/h5>\n<p class=\"cuerpo\">Acreditada por IOAS en el cumplimiento de la Norma ISO\/IEC 17065:2012, sobre los requerimientos generales para organismos que operan bajo sistemas de certificaci\u00f3n de productos, con el siguiente alcance:<\/p>\n<p>(1) Equivalencia de terceros pa\u00edses seg\u00fan las normas org\u00e1nicas de producci\u00f3n y procesamiento de la Uni\u00f3n Europea (International Accredited Certification Bodies Equivalent European Union Organic Production and Processing Standard for third countries (IACB))<\/p>\n<p>(2) OIA Standards for Organic Production (Normas OIA para la Producci\u00f3n Org\u00e1nica)<\/p>\n<p>(3) Ley N\u00b020.089 (Chile) \u2013 Sistema Nacional de Certificaci\u00f3n de Productos Org\u00e1nicos Agr\u00edcolas<\/p>\n<p>(4) Reglamento (UE) 2018\/848 sobre producci\u00f3n org\u00e1nica y etiquetado de productos org\u00e1nicos (En proceso de reconocimiento por parte de la Uni\u00f3n Europea)<\/p>\n<p class=\"cuerpo\"><a href=\"https:\/\/www.oia.com.ar\/Documentos\/OIAISOIEC170652012Certificate.pdf\">Certificado de Acreditaci\u00f3n IOAS<\/a><\/p>\n<p><a href=\"https:\/\/www.oia.com.ar\/Documentos\/OIAISOIEC17065AccreditationCertificateAnnex.pdf\">Certificado de Acreditaci\u00f3n IOAS &#8211; Anexo<\/a>[\/vc_column_text][\/vc_column_inner][\/vc_row_inner][vc_row_inner row_type=&#8221;row&#8221; type=&#8221;full_width&#8221; text_align=&#8221;left&#8221; css_animation=&#8221;&#8221;][vc_column_inner width=&#8221;1\/3&#8243;][vc_separator type=&#8221;transparent&#8221; up=&#8221;7&#8243; down=&#8221;38&#8243;][vc_single_image image=&#8221;23544&#8243; img_size=&#8221;full&#8221; qode_css_animation=&#8221;&#8221;][\/vc_column_inner][vc_column_inner width=&#8221;2\/3&#8243;][vc_separator type=&#8221;transparent&#8221; up=&#8221;7&#8243; down=&#8221;38&#8243;][vc_column_text]<strong>Ministerio de Agricultura de la Rep\u00fablica de Chile &#8211; Servicio Agr\u00edcola y Ganadero (SAG).<\/strong><\/p>\n<p>OIA se encuentra habilitada para la certificaci\u00f3n de cortes de carne bovina con destino a Chile seg\u00fan Ley N\u00b019.162.<\/p>\n<p>&nbsp;<\/p>\n<p>OIA se encuentra habilitada para la certificaci\u00f3n de productos org\u00e1nicos en Chile, de acuerdo con la Ley N\u00b0 20.089 &#8220;Sistema Nacional de Certificaci\u00f3n de Productos Org\u00e1nicos Agr\u00edcolas&#8221;.[\/vc_column_text][\/vc_column_inner][\/vc_row_inner][vc_row_inner row_type=&#8221;row&#8221; type=&#8221;full_width&#8221; text_align=&#8221;left&#8221; css_animation=&#8221;&#8221;][vc_column_inner width=&#8221;1\/3&#8243;][vc_separator type=&#8221;transparent&#8221; up=&#8221;7&#8243; down=&#8221;38&#8243;][vc_single_image image=&#8221;15795&#8243; img_size=&#8221;full&#8221; qode_css_animation=&#8221;&#8221;][\/vc_column_inner][vc_column_inner width=&#8221;2\/3&#8243;][vc_separator type=&#8221;transparent&#8221; up=&#8221;7&#8243; down=&#8221;38&#8243;][vc_column_text]<\/p>\n<h5>International Federation of Organic Agriculture Movements (IFOAM)<\/h5>\n<p class=\"cuerpo\">Acreditada por IOAS para el programa IFOAM, sistema internacional com\u00fan de verificaci\u00f3n que permite a las certificadoras acreditadas ofrecer una garant\u00eda de calidad superior buscada por los mercados org\u00e1nicos.<\/p>\n<p>[\/vc_column_text][\/vc_column_inner][\/vc_row_inner][vc_row_inner row_type=&#8221;row&#8221; type=&#8221;full_width&#8221; text_align=&#8221;left&#8221; css_animation=&#8221;&#8221;][vc_column_inner width=&#8221;1\/3&#8243;][vc_separator type=&#8221;transparent&#8221; up=&#8221;7&#8243; down=&#8221;38&#8243;][vc_single_image image=&#8221;15797&#8243; img_size=&#8221;full&#8221; qode_css_animation=&#8221;&#8221;][\/vc_column_inner][vc_column_inner width=&#8221;2\/3&#8243;][vc_separator type=&#8221;transparent&#8221; up=&#8221;7&#8243; down=&#8221;38&#8243;][vc_column_text]<\/p>\n<h5>Canadian Food Inspection Agency (CFIA)<\/h5>\n<p class=\"cuerpo\">Habilitada por CFIA (Canadian Food Inspection Agency) para el programa Canada Organic Regime (COR) bajo el n\u00b0 COR00906013, para certificar productos org\u00e1nicos con destino a Canad\u00e1 en cumplimiento con los requerimientos de la Norma de Canad\u00e1 (CAN\/CGSB 32.310) y el listado de productos permitidos (CAN\/CGSB 32.311).<\/p>\n<p>[\/vc_column_text][\/vc_column_inner][\/vc_row_inner][vc_row_inner row_type=&#8221;row&#8221; type=&#8221;full_width&#8221; text_align=&#8221;left&#8221; css_animation=&#8221;&#8221;][vc_column_inner width=&#8221;1\/3&#8243;][vc_separator type=&#8221;transparent&#8221; up=&#8221;7&#8243; down=&#8221;38&#8243;][vc_single_image image=&#8221;15798&#8243; img_size=&#8221;full&#8221; qode_css_animation=&#8221;&#8221;][\/vc_column_inner][vc_column_inner width=&#8221;2\/3&#8243;][vc_separator type=&#8221;transparent&#8221; up=&#8221;7&#8243; down=&#8221;38&#8243;][vc_column_text]<\/p>\n<h5>Global Organic Textile Standards (GOTS)<\/h5>\n<p class=\"cuerpo\">Acreditada por IOAS para la certificaci\u00f3n de la Norma GOTS, con los siguientes alcances: procesos mec\u00e1nico textiles (peinado, cardado, hilado, otros) y subproductos; procesamientos en h\u00famedo (lavado, te\u00f1ido, otros), acabados de prendas, y subproductos; operaciones comerciales y productos relacionados.<\/p>\n<p>[\/vc_column_text][\/vc_column_inner][\/vc_row_inner][vc_row_inner row_type=&#8221;row&#8221; type=&#8221;full_width&#8221; text_align=&#8221;left&#8221; css_animation=&#8221;&#8221;][vc_column_inner width=&#8221;1\/3&#8243;][vc_separator type=&#8221;transparent&#8221; up=&#8221;7&#8243; down=&#8221;38&#8243;][vc_single_image image=&#8221;15800&#8243; img_size=&#8221;full&#8221; qode_css_animation=&#8221;&#8221;][\/vc_column_inner][vc_column_inner width=&#8221;2\/3&#8243;][vc_separator type=&#8221;transparent&#8221; up=&#8221;7&#8243; down=&#8221;38&#8243;][vc_column_text]<\/p>\n<h5>United States Department of Agriculture (USDA)<\/h5>\n<p class=\"cuerpo\">Acreditada por USDA como certificadora de productos org\u00e1nicos que cumplan con el National Organic Program (NOP) de los Estados Unidos.<\/p>\n<p>[\/vc_column_text][\/vc_column_inner][\/vc_row_inner][vc_row_inner row_type=&#8221;row&#8221; type=&#8221;full_width&#8221; text_align=&#8221;left&#8221; css_animation=&#8221;&#8221;][vc_column_inner width=&#8221;1\/3&#8243;][vc_separator type=&#8221;transparent&#8221; up=&#8221;7&#8243; down=&#8221;38&#8243;][vc_single_image image=&#8221;15804&#8243; img_size=&#8221;full&#8221; qode_css_animation=&#8221;&#8221;][\/vc_column_inner][vc_column_inner width=&#8221;2\/3&#8243;][vc_separator type=&#8221;transparent&#8221; up=&#8221;7&#8243; down=&#8221;38&#8243;][vc_column_text]<\/p>\n<h5>Coordinaci\u00f3n General de Acreditaci\u00f3n (Cgcre) del Instituto Nacional de Metrolog\u00eda, Normalizaci\u00f3n y Calidad Industrial (Inmetro); Ministerio de Desarrollo, Industria y Comercio Exterior, Rep\u00fablica Federativa del Brasil.<\/h5>\n<p class=\"cuerpo\">Habilitada por Inmetro para la emisi\u00f3n de certificados de productos org\u00e1nicos en Brasil, de acuerdo a los requisitos establecidos en ABNT (Asociaci\u00f3n Brasilera de Normas T\u00e9cnicas) Norma ISO\/IEC 17065:2012.<\/p>\n<p>[\/vc_column_text][\/vc_column_inner][\/vc_row_inner][vc_row_inner row_type=&#8221;row&#8221; type=&#8221;full_width&#8221; text_align=&#8221;left&#8221; css_animation=&#8221;&#8221;][vc_column_inner width=&#8221;1\/3&#8243;][vc_separator type=&#8221;transparent&#8221; up=&#8221;7&#8243; down=&#8221;38&#8243;][vc_single_image image=&#8221;15802&#8243; img_size=&#8221;full&#8221; qode_css_animation=&#8221;&#8221;][\/vc_column_inner][vc_column_inner width=&#8221;2\/3&#8243;][vc_separator type=&#8221;transparent&#8221; up=&#8221;7&#8243; down=&#8221;38&#8243;][vc_column_text]<\/p>\n<h5>Soil Association<\/h5>\n<p class=\"cuerpo\">Reconocida por Soil Association en el acuerdo de aceptaci\u00f3n de carne y miel org\u00e1nicas con destino a Reino Unido.<\/p>\n<p>[\/vc_column_text][\/vc_column_inner][\/vc_row_inner][vc_row_inner row_type=&#8221;row&#8221; type=&#8221;full_width&#8221; text_align=&#8221;left&#8221; css_animation=&#8221;&#8221;][vc_column_inner width=&#8221;1\/3&#8243;][vc_separator type=&#8221;transparent&#8221; up=&#8221;7&#8243; down=&#8221;38&#8243;][vc_single_image image=&#8221;15803&#8243; img_size=&#8221;full&#8221; qode_css_animation=&#8221;&#8221;][\/vc_column_inner][vc_column_inner width=&#8221;2\/3&#8243;][vc_separator type=&#8221;transparent&#8221; up=&#8221;7&#8243; down=&#8221;38&#8243;][vc_column_text]<\/p>\n<h5>Bio Suisse<\/h5>\n<p class=\"cuerpo\">Reconocida por Bio Suisse para el ingreso de productos org\u00e1nicos certificados con destino a Suiza.<\/p>\n<p>[\/vc_column_text][\/vc_column_inner][\/vc_row_inner][vc_row_inner row_type=&#8221;row&#8221; type=&#8221;full_width&#8221; text_align=&#8221;left&#8221; css_animation=&#8221;&#8221;][vc_column_inner width=&#8221;1\/3&#8243;][vc_separator type=&#8221;transparent&#8221; up=&#8221;7&#8243; down=&#8221;38&#8243;][vc_single_image image=&#8221;15801&#8243; img_size=&#8221;full&#8221; qode_css_animation=&#8221;&#8221;][\/vc_column_inner][vc_column_inner width=&#8221;2\/3&#8243;][vc_separator type=&#8221;transparent&#8221; up=&#8221;7&#8243; down=&#8221;38&#8243;][vc_column_text]<\/p>\n<h5>Assurance Services International (ASI)<\/h5>\n<h5 class=\"cuerpo\">Marine Stewardship Council (MSC)<\/h5>\n<p class=\"cuerpo\">Acreditada por ASI (Assurance Services International) en cumplimiento con los criterios y principios de la certificaci\u00f3n MSC en Pesca Sustentable, la cual certifica la sustentabilidad del sistema pesquero en su totalidad y la trazabilidad (cadena de custodia) del producto.<\/p>\n<p>[\/vc_column_text][\/vc_column_inner][\/vc_row_inner][vc_row_inner row_type=&#8221;row&#8221; type=&#8221;full_width&#8221; text_align=&#8221;left&#8221; css_animation=&#8221;&#8221;][vc_column_inner width=&#8221;1\/3&#8243;][vc_separator type=&#8221;transparent&#8221; up=&#8221;7&#8243; down=&#8221;38&#8243;][vc_single_image image=&#8221;15805&#8243; img_size=&#8221;full&#8221; qode_css_animation=&#8221;&#8221;][\/vc_column_inner][vc_column_inner width=&#8221;2\/3&#8243;][vc_separator type=&#8221;transparent&#8221; up=&#8221;7&#8243; down=&#8221;38&#8243;][vc_column_text]<\/p>\n<h5>Instituto Brasileiro de Frutas (IBRAF)<\/h5>\n<p class=\"cuerpo\">Habilitada por Ibraf para gerenciar y garantizar el Sello Fruta Sustentable, con la supervisi\u00f3n del Comit\u00e9 T\u00e9cnico del Ibraf.<\/p>\n<p>[\/vc_column_text][\/vc_column_inner][\/vc_row_inner][vc_row_inner row_type=&#8221;row&#8221; type=&#8221;full_width&#8221; text_align=&#8221;left&#8221; css_animation=&#8221;&#8221;][vc_column_inner width=&#8221;1\/3&#8243;][vc_separator type=&#8221;transparent&#8221; up=&#8221;7&#8243; down=&#8221;38&#8243;][vc_single_image image=&#8221;15806&#8243; img_size=&#8221;full&#8221; qode_css_animation=&#8221;&#8221;][\/vc_column_inner][vc_column_inner width=&#8221;2\/3&#8243;][vc_separator type=&#8221;transparent&#8221; up=&#8221;7&#8243; down=&#8221;38&#8243;][vc_column_text]<\/p>\n<h5>Organic Trade Association (OTA)<\/h5>\n<p class=\"cuerpo\">OIA es miembro de OTA.<\/p>\n<p>[\/vc_column_text][\/vc_column_inner][\/vc_row_inner][vc_row_inner row_type=&#8221;row&#8221; type=&#8221;full_width&#8221; text_align=&#8221;left&#8221; css_animation=&#8221;&#8221;][vc_column_inner width=&#8221;1\/3&#8243;][vc_separator type=&#8221;transparent&#8221; up=&#8221;7&#8243; down=&#8221;38&#8243;][vc_single_image image=&#8221;15808&#8243; img_size=&#8221;full&#8221; qode_css_animation=&#8221;&#8221;][\/vc_column_inner][vc_column_inner width=&#8221;2\/3&#8243;][vc_separator type=&#8221;transparent&#8221; up=&#8221;7&#8243; down=&#8221;38&#8243;][vc_column_text]<\/p>\n<h5>Movimiento Argentino para la Producci\u00f3n Org\u00e1nica (MAPO)<\/h5>\n<p class=\"cuerpo\">OIA es socio fundador y miembro de la Comisi\u00f3n Directiva de MAPO.<\/p>\n<p>[\/vc_column_text][\/vc_column_inner][\/vc_row_inner][vc_row_inner row_type=&#8221;row&#8221; type=&#8221;full_width&#8221; text_align=&#8221;left&#8221; css_animation=&#8221;&#8221;][vc_column_inner width=&#8221;1\/3&#8243;][vc_separator type=&#8221;transparent&#8221; up=&#8221;7&#8243; down=&#8221;38&#8243;][vc_single_image image=&#8221;15810&#8243; img_size=&#8221;full&#8221; qode_css_animation=&#8221;&#8221;][\/vc_column_inner][vc_column_inner width=&#8221;2\/3&#8243;][vc_separator type=&#8221;transparent&#8221; up=&#8221;7&#8243; down=&#8221;38&#8243;][vc_column_text]<\/p>\n<h5>C\u00e1mara de Certificadoras de Alimentos, Productos Org\u00e1nicos, y afines (CACER)<\/h5>\n<p class=\"cuerpo\">OIA es socio fundador y miembro de la Comisi\u00f3n Directiva de CACER.<\/p>\n<p>[\/vc_column_text][\/vc_column_inner][\/vc_row_inner][vc_row_inner row_type=&#8221;row&#8221; type=&#8221;full_width&#8221; text_align=&#8221;left&#8221; css_animation=&#8221;&#8221;][vc_column_inner width=&#8221;1\/3&#8243;][vc_separator type=&#8221;transparent&#8221; up=&#8221;7&#8243; down=&#8221;38&#8243;][vc_single_image image=&#8221;23284&#8243; img_size=&#8221;full&#8221; qode_css_animation=&#8221;&#8221;][\/vc_column_inner][vc_column_inner width=&#8221;2\/3&#8243;][vc_separator type=&#8221;transparent&#8221; up=&#8221;7&#8243; down=&#8221;38&#8243;][vc_column_text]<\/p>\n<h5>Textile Exchange &#8211; Responsible Animal Fiber (RAF)<\/h5>\n<p>Acreditada por el IOAS y aprobada por Textile Exchange para la certificaci\u00f3n de las Normas RWS (Responsible Wool Standard), RAS (Responsable Alpaca Standard) y RMS (Responsable Mohair Standard), para los alcances de producci\u00f3n primaria (bienestar animal, manejo del suelo, responsabilidad social) y cadena de custodia (productos textiles trazables y correctamente identificados en toda la cadena comercial).[\/vc_column_text][\/vc_column_inner][\/vc_row_inner][vc_row_inner row_type=&#8221;row&#8221; type=&#8221;full_width&#8221; text_align=&#8221;left&#8221; css_animation=&#8221;&#8221;][vc_column_inner width=&#8221;1\/3&#8243;][vc_separator type=&#8221;transparent&#8221; up=&#8221;7&#8243; down=&#8221;38&#8243;][vc_single_image image=&#8221;23547&#8243; img_size=&#8221;full&#8221; qode_css_animation=&#8221;&#8221;][\/vc_column_inner][vc_column_inner width=&#8221;2\/3&#8243;][vc_separator type=&#8221;transparent&#8221; up=&#8221;7&#8243; down=&#8221;38&#8243;][vc_column_text]<\/p>\n<h5>Regenerative Organic Alliance (ROA)<\/h5>\n<p>Acreditada por Regenerative Organic Alliance (ROA) para certificar Regenerative Organic Certified (ROC), certificaci\u00f3n que puede ser aplicada para alimentos, fibras e ingredientes para el cuidado personal.[\/vc_column_text][\/vc_column_inner][\/vc_row_inner][\/vc_column][vc_column width=&#8221;1\/6&#8243;][\/vc_column][\/vc_row]<\/p>\n","protected":false},"excerpt":{"rendered":"<p>[vc_row css_animation=&#8221;&#8221; row_type=&#8221;row&#8221; use_row_as_full_screen_section=&#8221;no&#8221; type=&#8221;grid&#8221; angled_section=&#8221;no&#8221; text_align=&#8221;left&#8221; background_image_as_pattern=&#8221;without_pattern&#8221; padding_top=&#8221;20&#8243; padding_bottom=&#8221;100&#8243; z_index=&#8221;&#8221;][vc_column width=&#8221;5\/6&#8243;][vc_row_inner row_type=&#8221;row&#8221; type=&#8221;full_width&#8221; text_align=&#8221;left&#8221; css_animation=&#8221;&#8221;][vc_column_inner width=&#8221;1\/3&#8243;][vc_column_text] Organismo de acreditaci\u00f3n \/ habilitaci\u00f3n [\/vc_column_text][vc_separator type=&#8221;small&#8221; position=&#8221;left&#8221; up=&#8221;7&#8243; down=&#8221;38&#8243;][vc_single_image image=&#8221;22433&#8243; img_size=&#8221;full&#8221; qode_css_animation=&#8221;&#8221;][\/vc_column_inner][vc_column_inner&#8230;<\/p>\n","protected":false},"author":1,"featured_media":0,"parent":15330,"menu_order":0,"comment_status":"open","ping_status":"closed","template":"","meta":{"footnotes":""},"class_list":["post-15763","page","type-page","status-publish","hentry"],"_links":{"self":[{"href":"https:\/\/www.oia.com.ar\/wp-json\/wp\/v2\/pages\/15763","targetHints":{"allow":["GET"]}}],"collection":[{"href":"https:\/\/www.oia.com.ar\/wp-json\/wp\/v2\/pages"}],"about":[{"href":"https:\/\/www.oia.com.ar\/wp-json\/wp\/v2\/types\/page"}],"author":[{"embeddable":true,"href":"https:\/\/www.oia.com.ar\/wp-json\/wp\/v2\/users\/1"}],"replies":[{"embeddable":true,"href":"https:\/\/www.oia.com.ar\/wp-json\/wp\/v2\/comments?post=15763"}],"version-history":[{"count":22,"href":"https:\/\/www.oia.com.ar\/wp-json\/wp\/v2\/pages\/15763\/revisions"}],"predecessor-version":[{"id":26822,"href":"https:\/\/www.oia.com.ar\/wp-json\/wp\/v2\/pages\/15763\/revisions\/26822"}],"up":[{"embeddable":true,"href":"https:\/\/www.oia.com.ar\/wp-json\/wp\/v2\/pages\/15330"}],"wp:attachment":[{"href":"https:\/\/www.oia.com.ar\/wp-json\/wp\/v2\/media?parent=15763"}],"curies":[{"name":"wp","href":"https:\/\/api.w.org\/{rel}","templated":true}]}}