{"id":17710,"date":"2020-07-31T19:01:32","date_gmt":"2020-07-31T22:01:32","guid":{"rendered":"https:\/\/www.oia.com.ar\/?page_id=17710"},"modified":"2021-07-30T11:09:17","modified_gmt":"2021-07-30T14:09:17","slug":"produccion-animal","status":"publish","type":"page","link":"https:\/\/www.oia.com.ar\/index.php\/certificaciones\/programas-de-certificacion\/produccion-animal\/","title":{"rendered":"Producci\u00f3n Animal"},"content":{"rendered":"<p>[vc_row row_type=&#8221;content_menu&#8221; css=&#8221;.vc_custom_1541715947801{margin-top: 0px !important;padding-top: 0px !important;}&#8221; el_id=&#8221;menu&#8221;][vc_column width=&#8221;2\/3&#8243;][\/vc_column][vc_column width=&#8221;1\/3&#8243;][\/vc_column][\/vc_row][vc_row css_animation=&#8221;&#8221; row_type=&#8221;row&#8221; use_row_as_full_screen_section=&#8221;no&#8221; type=&#8221;grid&#8221; header_style=&#8221;light&#8221; in_content_menu=&#8221;in_content_menu&#8221; content_menu_icon=&#8221;&#8221; angled_section=&#8221;no&#8221; text_align=&#8221;left&#8221; background_image_as_pattern=&#8221;without_pattern&#8221; row_negative_margin=&#8221;disable_negative_margin&#8221; anchor=&#8221;caracteristicas&#8221; content_menu_title=&#8221;Caracter\u00edsticas&#8221; z_index=&#8221;&#8221;][vc_column width=&#8221;2\/3&#8243;][vc_column_text]<\/p>\n<h1>Caracter\u00edsticas<\/h1>\n<p>[\/vc_column_text][vc_separator type=&#8221;small&#8221; position=&#8221;left&#8221; up=&#8221;7&#8243; down=&#8221;38&#8243;][vc_column_text]<strong>Certificaci\u00f3n Carne Angus<\/strong><\/p>\n<p><em>INSCRIPCION SENASA RES. N\u00b0280\/01<\/em><\/p>\n<p>OIA ha sido habilitada como ente certificador para certificar cortes de carne vacuna de la raza <em>Aberdeen Angus<\/em>, con el reconocimiento de SENASA bajo el programa de Certificaci\u00f3n de Atributos en Alimentos (Res. 280\/01). A su vez, dentro de la misma raza, est\u00e1 habilitada para certificar Angus Negro (<em>Black Angus<\/em>) y Angus Colorado (<em>Red Angus<\/em>) en caso de precisar una distinci\u00f3n m\u00e1s precisa de las caracter\u00edsticas de esta raza y su calidad en lo que refiere a cortes c\u00e1rnicos.<\/p>\n<p>Estas certificaciones tienen reconocimiento en los mercados, principalmente, de la Uni\u00f3n Europea, sin embargo, ya est\u00e1 tomando relevancia en mercados como Asia y Estados Unidos el considerar a la Carne ANGUS Argentina.<\/p>\n<p>Para descargar el Protocolo ANGUS de OIA haga <a href=\"https:\/\/www.oia.com.ar\/index.php\/certificaciones\/descarga-de-normas\/\">click aqu\u00ed<\/a>.<\/p>\n<p><strong>Certificaci\u00f3n Carne a Chile:<\/strong><\/p>\n<p>El programa de Certificaci\u00f3n de Carne a Chile es requerido por el SAG de Chile y est\u00e1 reglamentado por la Ley N\u00b019.162 y las normas t\u00e9cnicas que rigen la Tipificaci\u00f3n, Clasificaci\u00f3n y Nomenclatura de cortes de carne bovina con destino a la Rep\u00fablica de Chile.<\/p>\n<p>OIA se encuentra habilitada por SENASA de Argentina y el SAG de Chile para desarrollar esta certificaci\u00f3n.<\/p>\n<p><strong>Carnes Argentina de Alta Calidad para Suiza (HQB)<\/strong><\/p>\n<p><em>INSCRIPCION SENASA RES. N\u00b0148\/02<\/em><\/p>\n<p>El presente protocolo fue elaborado de acuerdo a los requisitos indicados por Suiza para acceder a dicho mercado con cortes de carne bovina denominados de \u201cAlta Calidad\u201d (<em>High Quality Beef<\/em>).<\/p>\n<p>La carne de Alta Calidad son aquellas carcasas o cortes obtenidos de ganado bovino y par\u00e1metros de calidad estipulados que cumplen con requisitos establecidos por un determinado protocolo, que garantizan cualidades especiales, tales como terneza, palatabilidad, color, etc.<\/p>\n<p>Garantizando que la carne bovina se\u00f1alada en el certificado cumple con las especificaciones del \u201c<em>Commitment of Switzerland Concerning Access to its Market for Beef<\/em>\u201d, el cual indica que: \u201c<em>Las carcasas o cortes provienen de ganado bovino no mayor de 30 meses de edad que han sido alimentados por 100 d\u00edas o m\u00e1s con una raci\u00f3n nutricionalmente balanceada, de alta concentraci\u00f3n energ\u00e9tica que contiene no menos de 70% de granos, y al menos 9 kilos de alimento total por d\u00eda<\/em>\u201d.<\/p>\n<p>OIA se encuentra habilitada para realizar esta certificaci\u00f3n tanto en establecimientos de Producci\u00f3n Primaria como en establecimientos Frigor\u00edficos.<\/p>\n<p><strong>Bienestar Animal<\/strong><\/p>\n<p>El protocolo se encuentra desarrollado por OIA para ser aplicado a bovinos y ovinos en toda la cadena para la obtenci\u00f3n de productos animales.<\/p>\n<p>El objetivo del Protocolo de Bienestar Animal consiste en establecer los requisitos y criterios para cumplir con el Bienestar Animal, tanto en la producci\u00f3n primaria extensiva, transporte y faena, brindando a la vez herramientas que permitan aplicar buenas pr\u00e1cticas de manejo ganadero priorizando el bienestar durante la vida de los animales.<\/p>\n<p>Certificar productos de bovinos y ovinos provenientes de establecimientos que apliquen practicas ganaderas para que el Bienestar Animal se cumpla durante toda la cadena hasta la faena de los animales<\/p>\n<p>Generar un nuevo paradigma de producci\u00f3n responsable, el cual pueda ser utilizado como modelo por los productores ganaderos adoptando dicho sistema de gesti\u00f3n a su producci\u00f3n.<\/p>\n<p>Garantizar el cumplimiento de las \u201cCinco Libertades\u201d mediante el conjunto de pr\u00e1cticas tendientes a lograr el bienestar animal:<\/p>\n<ul>\n<li>Libre de hambre, sed y malnutrici\u00f3n<\/li>\n<li>Libre de miedo y estr\u00e9s sostenidos<\/li>\n<li>Libre de incomodidad<\/li>\n<li>Libre de dolor, lesi\u00f3n y\/o enfermedades<\/li>\n<li>Libre para manifestar un comportamiento natural<\/li>\n<\/ul>\n<p>Actualmente OIA est\u00e1 finalizando el armado del Protocolo de Bienestar Animal para la Certificaci\u00f3n de Producciones Av\u00edcolas.[\/vc_column_text][\/vc_column][vc_column width=&#8221;1\/3&#8243;][\/vc_column][\/vc_row][vc_row css_animation=&#8221;&#8221; row_type=&#8221;row&#8221; use_row_as_full_screen_section=&#8221;no&#8221; type=&#8221;grid&#8221; header_style=&#8221;light&#8221; in_content_menu=&#8221;in_content_menu&#8221; content_menu_icon=&#8221;&#8221; angled_section=&#8221;no&#8221; text_align=&#8221;left&#8221; background_image_as_pattern=&#8221;without_pattern&#8221; row_negative_margin=&#8221;disable_negative_margin&#8221; anchor=&#8221;faq&#8221; content_menu_title=&#8221;Preguntas frecuentes&#8221; z_index=&#8221;&#8221;][vc_column width=&#8221;2\/3&#8243;][vc_empty_space height=&#8221;100px&#8221;][vc_column_text]<\/p>\n<h1>Preguntas frecuentes<\/h1>\n<p>[\/vc_column_text][vc_separator type=&#8221;small&#8221; position=&#8221;left&#8221; up=&#8221;7&#8243; down=&#8221;38&#8243;][\/vc_column][vc_column width=&#8221;1\/3&#8243;][\/vc_column][\/vc_row][vc_row css_animation=&#8221;&#8221; row_type=&#8221;row&#8221; use_row_as_full_screen_section=&#8221;no&#8221; type=&#8221;grid&#8221; header_style=&#8221;light&#8221; in_content_menu=&#8221;in_content_menu&#8221; content_menu_icon=&#8221;&#8221; angled_section=&#8221;no&#8221; text_align=&#8221;left&#8221; background_image_as_pattern=&#8221;without_pattern&#8221; row_negative_margin=&#8221;disable_negative_margin&#8221; anchor=&#8221;form_online&#8221; content_menu_title=&#8221;Consultas&#8221; z_index=&#8221;&#8221;][vc_column width=&#8221;2\/3&#8243;][vc_empty_space height=&#8221;100px&#8221;][vc_column_text]<\/p>\n<h1>Consultas<\/h1>\n<p>[\/vc_column_text][vc_separator type=&#8221;small&#8221; position=&#8221;left&#8221; up=&#8221;7&#8243; down=&#8221;38&#8243;]<div role=\"form\" class=\"wpcf7\" id=\"wpcf7-f5-o1\" lang=\"es-AR\" dir=\"ltr\">\n<div class=\"screen-reader-response\"><\/div>\n<form action=\"\/index.php\/wp-json\/wp\/v2\/pages\/17710#wpcf7-f5-o1\" method=\"post\" class=\"wpcf7-form cf7_custom_style_1\" novalidate=\"novalidate\">\n<div style=\"display: none;\">\n<input type=\"hidden\" name=\"_wpcf7\" value=\"5\" \/>\n<input type=\"hidden\" name=\"_wpcf7_version\" value=\"5.1.7\" \/>\n<input type=\"hidden\" name=\"_wpcf7_locale\" value=\"es_AR\" \/>\n<input type=\"hidden\" name=\"_wpcf7_unit_tag\" value=\"wpcf7-f5-o1\" \/>\n<input type=\"hidden\" name=\"_wpcf7_container_post\" value=\"0\" \/>\n<input type=\"hidden\" name=\"g-recaptcha-response\" value=\"\" \/>\n<\/div>\n<p><label> Certificado de inter\u00e9s<br \/>\n<span class=\"wpcf7-form-control-wrap certificado\"><input type=\"text\" name=\"certificado\" value=\"Producci\u00f3n Animal\" size=\"40\" class=\"wpcf7-form-control wpcf7dtx-dynamictext wpcf7-dynamictext\" readonly=\"readonly\" aria-invalid=\"false\" \/><\/span><br \/>\n<\/label><\/p>\n<p><label> Nombre y apellido<br \/>\n    <span class=\"wpcf7-form-control-wrap your-name\"><input type=\"text\" name=\"your-name\" value=\"\" size=\"40\" class=\"wpcf7-form-control wpcf7-text wpcf7-validates-as-required\" aria-required=\"true\" aria-invalid=\"false\" \/><\/span> <\/label><\/p>\n<p><label> Correo electr\u00f3nico<br \/>\n    <span class=\"wpcf7-form-control-wrap your-email\"><input type=\"email\" name=\"your-email\" value=\"\" size=\"40\" class=\"wpcf7-form-control wpcf7-text wpcf7-email wpcf7-validates-as-required wpcf7-validates-as-email\" aria-required=\"true\" aria-invalid=\"false\" \/><\/span> <\/label><\/p>\n<p><label> Tel\u00e9fono<br \/>\n    <span class=\"wpcf7-form-control-wrap telefono\"><input type=\"tel\" name=\"telefono\" value=\"\" size=\"40\" class=\"wpcf7-form-control wpcf7-text wpcf7-tel wpcf7-validates-as-required wpcf7-validates-as-tel\" aria-required=\"true\" aria-invalid=\"false\" \/><\/span> <\/label><\/p>\n<p><label> Actividad<br \/>\n    <span class=\"wpcf7-form-control-wrap actividad\"><input type=\"text\" name=\"actividad\" value=\"\" size=\"40\" class=\"wpcf7-form-control wpcf7-text wpcf7-validates-as-required\" aria-required=\"true\" aria-invalid=\"false\" \/><\/span> <\/label><\/p>\n<p><label> Producto<br \/>\n    <span class=\"wpcf7-form-control-wrap producto\"><input type=\"text\" name=\"producto\" value=\"\" size=\"40\" class=\"wpcf7-form-control wpcf7-text wpcf7-validates-as-required\" aria-required=\"true\" aria-invalid=\"false\" \/><\/span> <\/label><\/p>\n<p><label> Mercado destino<br \/>\n    <span class=\"wpcf7-form-control-wrap mercado\"><input type=\"text\" name=\"mercado\" value=\"\" size=\"40\" class=\"wpcf7-form-control wpcf7-text wpcf7-validates-as-required\" aria-required=\"true\" aria-invalid=\"false\" \/><\/span> <\/label><\/p>\n<p><label> Mensaje<br \/>\n    <span class=\"wpcf7-form-control-wrap your-message\"><textarea name=\"your-message\" cols=\"40\" rows=\"10\" class=\"wpcf7-form-control wpcf7-textarea wpcf7-validates-as-required\" aria-required=\"true\" aria-invalid=\"false\"><\/textarea><\/span> <\/label><\/p>\n<p>\n\n\t\t\t\t\t\t\t<span class=\"wpcf7-form-control-wrap mailpoetsignup-898\">\n\t\t\t<span class=\"wpcf7-form-control wpcf7-mailpoetsignup\">\n\t\t\t\t<label class=\"wpcf7-list-label\">\n\t\t\t\t<input type=\"checkbox\"\n\t\t\t\tname=\"mailpoetsignup-898[]\" value=\"\n\t\t\t\t\t\t\t\t\t\tNewsletter\t\t\t\t\"\n\t\t\t\tid=\"\" class=\"\"\n\t\t\t\t checked='checked'\t\t\t\t\/>Suscribirme al Newsletter\t\t\t\t\t<input type=\"hidden\" name=\"fieldVal\"  value=\"\n\t\t\t\t\t3\t\t\t\t\t\"\n\t\t\t\t<\/label>\n\t\t\t\t<br\/>\n\t\t\t\t<\/span>\n\n\t\t\t\t<\/span>\n\n\t\t\t\t<\/p>\n<div class=\"wpcf7-form-control-wrap\"><div data-sitekey=\"6LfEos0UAAAAAPWEHlgsMC62tLzCyspsdTnXe5Ir\" class=\"wpcf7-form-control g-recaptcha wpcf7-recaptcha\"><\/div>\r\n\r\r\n<noscript>\r\r\n\t<div class=\"grecaptcha-noscript\">\r\r\n\t\t<iframe loading=\"lazy\" src=\"https:\/\/www.google.com\/recaptcha\/api\/fallback?k=6LfEos0UAAAAAPWEHlgsMC62tLzCyspsdTnXe5Ir\" frameborder=\"0\" scrolling=\"no\" width=\"310\" height=\"430\">\r\r\n\t\t<\/iframe>\r\r\n\t\t<textarea name=\"g-recaptcha-response\" rows=\"3\" cols=\"40\" placeholder=\"reCaptcha Response Here\">\r\r\n\t\t<\/textarea>\r\r\n\t<\/div>\r\r\n<\/noscript>\r\r\n<\/div>\n<p><input type=\"submit\" value=\"Enviar\" class=\"wpcf7-form-control wpcf7-submit\" \/><\/p>\n<div class=\"wpcf7-response-output wpcf7-display-none\"><\/div><\/form><\/div>[vc_empty_space height=&#8221;100px&#8221;][\/vc_column][vc_column width=&#8221;1\/3&#8243;][\/vc_column][\/vc_row][vc_row css_animation=&#8221;&#8221; row_type=&#8221;row&#8221; use_row_as_full_screen_section=&#8221;no&#8221; type=&#8221;grid&#8221; header_style=&#8221;light&#8221; in_content_menu=&#8221;in_content_menu&#8221; content_menu_icon=&#8221;&#8221; angled_section=&#8221;no&#8221; text_align=&#8221;left&#8221; background_image_as_pattern=&#8221;without_pattern&#8221; row_negative_margin=&#8221;disable_negative_margin&#8221; anchor=&#8221;descarga_normas&#8221; content_menu_title=&#8221;Descarga de Normas&#8221; z_index=&#8221;&#8221;][vc_column width=&#8221;2\/3&#8243;][vc_empty_space height=&#8221;100px&#8221;][vc_separator type=&#8221;normal&#8221; up=&#8221;7&#8243; down=&#8221;38&#8243; color=&#8221;#00a94f&#8221;][vc_column_text]<\/p>\n<h1>Descarga de normas<\/h1>\n<p><strong>Por favor, para acceder a la p\u00e1gina donde podr\u00e1 descargar las normas de certificaci\u00f3n, complete el formulario y presione enviar. Es necesario que complete todas las casillas para tener acceso. Gracias.<\/strong>[\/vc_column_text][vc_separator type=&#8221;small&#8221; position=&#8221;left&#8221; up=&#8221;7&#8243; down=&#8221;38&#8243;]<div role=\"form\" class=\"wpcf7\" id=\"wpcf7-f16987-o2\" lang=\"es-AR\" dir=\"ltr\">\n<div class=\"screen-reader-response\"><\/div>\n<form action=\"\/index.php\/wp-json\/wp\/v2\/pages\/17710#wpcf7-f16987-o2\" method=\"post\" class=\"wpcf7-form cf7_custom_style_1\" novalidate=\"novalidate\">\n<div style=\"display: none;\">\n<input type=\"hidden\" name=\"_wpcf7\" value=\"16987\" \/>\n<input type=\"hidden\" name=\"_wpcf7_version\" value=\"5.1.7\" \/>\n<input type=\"hidden\" name=\"_wpcf7_locale\" value=\"es_AR\" \/>\n<input type=\"hidden\" name=\"_wpcf7_unit_tag\" value=\"wpcf7-f16987-o2\" \/>\n<input type=\"hidden\" name=\"_wpcf7_container_post\" value=\"0\" \/>\n<input type=\"hidden\" name=\"g-recaptcha-response\" value=\"\" \/>\n<\/div>\n<p><label> Certificado de inter\u00e9s<br \/>\n<span class=\"wpcf7-form-control-wrap certificado\"><input type=\"text\" name=\"certificado\" value=\"Producci\u00f3n Animal\" size=\"40\" class=\"wpcf7-form-control wpcf7dtx-dynamictext wpcf7-dynamictext\" id=\"id-certificado\" readonly=\"readonly\" aria-invalid=\"false\" \/><\/span><br \/>\n<\/label><\/p>\n<p><label> Nombre y apellido<br \/>\n    <span class=\"wpcf7-form-control-wrap your-name\"><input type=\"text\" name=\"your-name\" value=\"\" size=\"40\" class=\"wpcf7-form-control wpcf7-text wpcf7-validates-as-required\" aria-required=\"true\" aria-invalid=\"false\" \/><\/span> <\/label><\/p>\n<p><label> Correo electr\u00f3nico<br \/>\n    <span class=\"wpcf7-form-control-wrap your-email\"><input type=\"email\" name=\"your-email\" value=\"\" size=\"40\" class=\"wpcf7-form-control wpcf7-text wpcf7-email wpcf7-validates-as-required wpcf7-validates-as-email\" aria-required=\"true\" aria-invalid=\"false\" \/><\/span> <\/label><\/p>\n<p><label> Tel\u00e9fono<br \/>\n    <span class=\"wpcf7-form-control-wrap telefono\"><input type=\"tel\" name=\"telefono\" value=\"\" size=\"40\" class=\"wpcf7-form-control wpcf7-text wpcf7-tel wpcf7-validates-as-required wpcf7-validates-as-tel\" aria-required=\"true\" aria-invalid=\"false\" \/><\/span> <\/label><\/p>\n<p><label> Actividad<br \/>\n    <span class=\"wpcf7-form-control-wrap actividad\"><input type=\"text\" name=\"actividad\" value=\"\" size=\"40\" class=\"wpcf7-form-control wpcf7-text wpcf7-validates-as-required\" aria-required=\"true\" aria-invalid=\"false\" \/><\/span> <\/label><\/p>\n<p><label> Producto<br \/>\n    <span class=\"wpcf7-form-control-wrap producto\"><input type=\"text\" name=\"producto\" value=\"\" size=\"40\" class=\"wpcf7-form-control wpcf7-text wpcf7-validates-as-required\" aria-required=\"true\" aria-invalid=\"false\" \/><\/span> <\/label><\/p>\n<p><label> Mercado destino<br \/>\n    <span class=\"wpcf7-form-control-wrap mercado\"><input type=\"text\" name=\"mercado\" value=\"\" size=\"40\" class=\"wpcf7-form-control wpcf7-text wpcf7-validates-as-required\" aria-required=\"true\" aria-invalid=\"false\" \/><\/span> <\/label><\/p>\n<p><label> Mensaje<br \/>\n    <span class=\"wpcf7-form-control-wrap your-message\"><textarea name=\"your-message\" cols=\"40\" rows=\"10\" class=\"wpcf7-form-control wpcf7-textarea wpcf7-validates-as-required\" aria-required=\"true\" aria-invalid=\"false\"><\/textarea><\/span> <\/label><\/p>\n<p>\n\n\t\t\t\t\t\t\t<span class=\"wpcf7-form-control-wrap mailpoetsignup-898\">\n\t\t\t<span class=\"wpcf7-form-control wpcf7-mailpoetsignup\">\n\t\t\t\t<label class=\"wpcf7-list-label\">\n\t\t\t\t<input type=\"checkbox\"\n\t\t\t\tname=\"mailpoetsignup-898[]\" value=\"\n\t\t\t\t\t\t\t\t\t\tNewsletter\t\t\t\t\"\n\t\t\t\tid=\"\" class=\"\"\n\t\t\t\t checked='checked'\t\t\t\t\/>Suscribirme al Newsletter\t\t\t\t\t<input type=\"hidden\" name=\"fieldVal\"  value=\"\n\t\t\t\t\t3\t\t\t\t\t\"\n\t\t\t\t<\/label>\n\t\t\t\t<br\/>\n\t\t\t\t<\/span>\n\n\t\t\t\t<\/span>\n\n\t\t\t\t<\/p>\n<div class=\"wpcf7-form-control-wrap\"><div data-sitekey=\"6LfEos0UAAAAAPWEHlgsMC62tLzCyspsdTnXe5Ir\" class=\"wpcf7-form-control g-recaptcha wpcf7-recaptcha\"><\/div>\r\n\r\r\n<noscript>\r\r\n\t<div class=\"grecaptcha-noscript\">\r\r\n\t\t<iframe loading=\"lazy\" src=\"https:\/\/www.google.com\/recaptcha\/api\/fallback?k=6LfEos0UAAAAAPWEHlgsMC62tLzCyspsdTnXe5Ir\" frameborder=\"0\" scrolling=\"no\" width=\"310\" height=\"430\">\r\r\n\t\t<\/iframe>\r\r\n\t\t<textarea name=\"g-recaptcha-response\" rows=\"3\" cols=\"40\" placeholder=\"reCaptcha Response Here\">\r\r\n\t\t<\/textarea>\r\r\n\t<\/div>\r\r\n<\/noscript>\r\r\n<\/div>\n<p><input type=\"submit\" value=\"Enviar\" class=\"wpcf7-form-control wpcf7-submit\" \/><\/p>\n<div class=\"wpcf7-response-output wpcf7-display-none\"><\/div><\/form><\/div>[vc_empty_space height=&#8221;100px&#8221;][\/vc_column][vc_column width=&#8221;1\/3&#8243;][\/vc_column][\/vc_row]<\/p>\n","protected":false},"excerpt":{"rendered":"<p>[vc_row row_type=&#8221;content_menu&#8221; css=&#8221;.vc_custom_1541715947801{margin-top: 0px !important;padding-top: 0px !important;}&#8221; el_id=&#8221;menu&#8221;][vc_column width=&#8221;2\/3&#8243;][\/vc_column][vc_column width=&#8221;1\/3&#8243;][\/vc_column][\/vc_row][vc_row css_animation=&#8221;&#8221; row_type=&#8221;row&#8221; use_row_as_full_screen_section=&#8221;no&#8221; type=&#8221;grid&#8221; header_style=&#8221;light&#8221; in_content_menu=&#8221;in_content_menu&#8221; content_menu_icon=&#8221;&#8221; angled_section=&#8221;no&#8221; text_align=&#8221;left&#8221; background_image_as_pattern=&#8221;without_pattern&#8221; row_negative_margin=&#8221;disable_negative_margin&#8221; anchor=&#8221;caracteristicas&#8221; content_menu_title=&#8221;Caracter\u00edsticas&#8221; z_index=&#8221;&#8221;][vc_column width=&#8221;2\/3&#8243;][vc_column_text] Caracter\u00edsticas [\/vc_column_text][vc_separator type=&#8221;small&#8221; position=&#8221;left&#8221; up=&#8221;7&#8243;&#8230;<\/p>\n","protected":false},"author":2,"featured_media":0,"parent":15542,"menu_order":0,"comment_status":"open","ping_status":"closed","template":"","meta":{"footnotes":""},"class_list":["post-17710","page","type-page","status-publish","hentry"],"_links":{"self":[{"href":"https:\/\/www.oia.com.ar\/index.php\/wp-json\/wp\/v2\/pages\/17710","targetHints":{"allow":["GET"]}}],"collection":[{"href":"https:\/\/www.oia.com.ar\/index.php\/wp-json\/wp\/v2\/pages"}],"about":[{"href":"https:\/\/www.oia.com.ar\/index.php\/wp-json\/wp\/v2\/types\/page"}],"author":[{"embeddable":true,"href":"https:\/\/www.oia.com.ar\/index.php\/wp-json\/wp\/v2\/users\/2"}],"replies":[{"embeddable":true,"href":"https:\/\/www.oia.com.ar\/index.php\/wp-json\/wp\/v2\/comments?post=17710"}],"version-history":[{"count":13,"href":"https:\/\/www.oia.com.ar\/index.php\/wp-json\/wp\/v2\/pages\/17710\/revisions"}],"predecessor-version":[{"id":19547,"href":"https:\/\/www.oia.com.ar\/index.php\/wp-json\/wp\/v2\/pages\/17710\/revisions\/19547"}],"up":[{"embeddable":true,"href":"https:\/\/www.oia.com.ar\/index.php\/wp-json\/wp\/v2\/pages\/15542"}],"wp:attachment":[{"href":"https:\/\/www.oia.com.ar\/index.php\/wp-json\/wp\/v2\/media?parent=17710"}],"curies":[{"name":"wp","href":"https:\/\/api.w.org\/{rel}","templated":true}]}}