{"id":26045,"date":"2025-05-15T16:17:56","date_gmt":"2025-05-15T19:17:56","guid":{"rendered":"https:\/\/www.oia.com.ar\/?page_id=26045"},"modified":"2025-05-15T16:18:15","modified_gmt":"2025-05-15T19:18:15","slug":"guia-de-autoevaluacion-sostenibilidad-vitivinicola-argentina-normas","status":"publish","type":"page","link":"https:\/\/www.oia.com.ar\/certificaciones\/programas-de-certificacion\/guia-de-autoevaluacion-sostenibilidad-vitivinicola-argentina\/guia-de-autoevaluacion-sostenibilidad-vitivinicola-argentina-normas\/","title":{"rendered":"Gu\u00eda de Autoevaluaci\u00f3n Sostenibilidad Vitivin\u00edcola Argentina &#8211; Normas"},"content":{"rendered":"<p>[vc_row css_animation=&#8221;&#8221; row_type=&#8221;row&#8221; use_row_as_full_screen_section=&#8221;no&#8221; type=&#8221;grid&#8221; header_style=&#8221;light&#8221; angled_section=&#8221;no&#8221; text_align=&#8221;left&#8221; background_image_as_pattern=&#8221;without_pattern&#8221; row_negative_margin=&#8221;disable_negative_margin&#8221; z_index=&#8221;&#8221;][vc_column width=&#8221;2\/3&#8243;][vc_column_text]<\/p>\n<h1>Descarga de Normas<\/h1>\n<p>[\/vc_column_text][vc_column_text]<a href=\"https:\/\/pevi2030.com.ar\/wp-content\/uploads\/2022\/05\/Guia-Sostenibilidad-de-la-Vitivinicultura-Argentina-1.1.pdf\" target=\"_blank\" rel=\"noopener noreferrer\">Gu\u00eda de Autoevaluaci\u00f3n Sostenibilidad Vitivin\u00edcola Argentina<\/a>[\/vc_column_text][vc_separator type=&#8221;small&#8221; position=&#8221;left&#8221; up=&#8221;7&#8243; down=&#8221;38&#8243;][vc_column_text]<strong>Normas<\/strong><\/p>\n<p>[\/vc_column_text][vc_empty_space height=&#8221;60px&#8221;][\/vc_column][vc_column width=&#8221;1\/3&#8243;][\/vc_column][\/vc_row]<\/p>\n","protected":false},"excerpt":{"rendered":"<p>[vc_row css_animation=&#8221;&#8221; row_type=&#8221;row&#8221; use_row_as_full_screen_section=&#8221;no&#8221; type=&#8221;grid&#8221; header_style=&#8221;light&#8221; angled_section=&#8221;no&#8221; text_align=&#8221;left&#8221; background_image_as_pattern=&#8221;without_pattern&#8221; row_negative_margin=&#8221;disable_negative_margin&#8221; z_index=&#8221;&#8221;][vc_column width=&#8221;2\/3&#8243;][vc_column_text] Descarga de Normas [\/vc_column_text][vc_column_text]Gu\u00eda de Autoevaluaci\u00f3n Sostenibilidad Vitivin\u00edcola Argentina[\/vc_column_text][vc_separator type=&#8221;small&#8221; position=&#8221;left&#8221; up=&#8221;7&#8243; down=&#8221;38&#8243;][vc_column_text]Normas [\/vc_column_text][vc_empty_space height=&#8221;60px&#8221;][\/vc_column][vc_column width=&#8221;1\/3&#8243;][\/vc_column][\/vc_row]<\/p>\n","protected":false},"author":2,"featured_media":0,"parent":26031,"menu_order":0,"comment_status":"open","ping_status":"closed","template":"","meta":{"footnotes":""},"class_list":["post-26045","page","type-page","status-publish","hentry"],"_links":{"self":[{"href":"https:\/\/www.oia.com.ar\/wp-json\/wp\/v2\/pages\/26045","targetHints":{"allow":["GET"]}}],"collection":[{"href":"https:\/\/www.oia.com.ar\/wp-json\/wp\/v2\/pages"}],"about":[{"href":"https:\/\/www.oia.com.ar\/wp-json\/wp\/v2\/types\/page"}],"author":[{"embeddable":true,"href":"https:\/\/www.oia.com.ar\/wp-json\/wp\/v2\/users\/2"}],"replies":[{"embeddable":true,"href":"https:\/\/www.oia.com.ar\/wp-json\/wp\/v2\/comments?post=26045"}],"version-history":[{"count":2,"href":"https:\/\/www.oia.com.ar\/wp-json\/wp\/v2\/pages\/26045\/revisions"}],"predecessor-version":[{"id":26047,"href":"https:\/\/www.oia.com.ar\/wp-json\/wp\/v2\/pages\/26045\/revisions\/26047"}],"up":[{"embeddable":true,"href":"https:\/\/www.oia.com.ar\/wp-json\/wp\/v2\/pages\/26031"}],"wp:attachment":[{"href":"https:\/\/www.oia.com.ar\/wp-json\/wp\/v2\/media?parent=26045"}],"curies":[{"name":"wp","href":"https:\/\/api.w.org\/{rel}","templated":true}]}}